{"id":946,"date":"2020-07-13T12:31:21","date_gmt":"2020-07-13T12:31:21","guid":{"rendered":"https:\/\/kad.al\/?post_type=product&#038;p=946"},"modified":"2025-07-05T09:02:03","modified_gmt":"2025-07-05T09:02:03","slug":"gjurma-tnji-ditari-te-djegun","status":"publish","type":"product","link":"https:\/\/kad.al\/index.php\/product\/gjurma-tnji-ditari-te-djegun\/","title":{"rendered":"GJURMA T&#8217;NJI DITARI T\u00cb DJEGUN"},"content":{"rendered":"","protected":false},"excerpt":{"rendered":"<p><strong>GJURMA T&#8217;NJI DITARI T\u00cb DJEGUN<\/strong><\/p>\n<p><em><strong>Laz\u00ebr Radi<\/strong><\/em><\/p>\n<p>ISBN 978-9928-280-07-7<\/p>\n<p>\u00c7mimi 1200 Lek\u00eb<\/p>\n<p>490 Faqe<\/p>\n<p>Nga triologjia e jet\u00ebs s\u00eb Laz\u00ebr Radit<\/p>\n","protected":false},"featured_media":947,"template":"","meta":[],"product_brand":[],"product_cat":[21],"product_tag":[],"class_list":{"0":"post-946","1":"product","2":"type-product","3":"status-publish","4":"has-post-thumbnail","6":"product_cat-studime-shkencore-dhe-monografi","7":"description-off","9":"first","10":"instock","11":"shipping-taxable","12":"product-type-simple"},"_links":{"self":[{"href":"https:\/\/kad.al\/index.php\/wp-json\/wp\/v2\/product\/946","targetHints":{"allow":["GET"]}}],"collection":[{"href":"https:\/\/kad.al\/index.php\/wp-json\/wp\/v2\/product"}],"about":[{"href":"https:\/\/kad.al\/index.php\/wp-json\/wp\/v2\/types\/product"}],"wp:featuredmedia":[{"embeddable":true,"href":"https:\/\/kad.al\/index.php\/wp-json\/wp\/v2\/media\/947"}],"wp:attachment":[{"href":"https:\/\/kad.al\/index.php\/wp-json\/wp\/v2\/media?parent=946"}],"wp:term":[{"taxonomy":"product_brand","embeddable":true,"href":"https:\/\/kad.al\/index.php\/wp-json\/wp\/v2\/product_brand?post=946"},{"taxonomy":"product_cat","embeddable":true,"href":"https:\/\/kad.al\/index.php\/wp-json\/wp\/v2\/product_cat?post=946"},{"taxonomy":"product_tag","embeddable":true,"href":"https:\/\/kad.al\/index.php\/wp-json\/wp\/v2\/product_tag?post=946"}],"curies":[{"name":"wp","href":"https:\/\/api.w.org\/{rel}","templated":true}]}}