{"id":943,"date":"2020-07-13T12:26:20","date_gmt":"2020-07-13T12:26:20","guid":{"rendered":"https:\/\/kad.al\/?post_type=product&#038;p=943"},"modified":"2025-07-05T09:26:41","modified_gmt":"2025-07-05T09:26:41","slug":"mjegullnaja-e-nji-kohe-te-larget","status":"publish","type":"product","link":"https:\/\/kad.al\/index.php\/product\/mjegullnaja-e-nji-kohe-te-larget\/","title":{"rendered":"MJEGULLNAJA E NJI KOHE T\u00cb LARG\u00cbT"},"content":{"rendered":"","protected":false},"excerpt":{"rendered":"<p><strong>MJEGULLNAJA E NJI KOHE T\u00cb LARG\u00cbT<\/strong><\/p>\n<p><em><strong>Laz\u00ebr Radi<\/strong><\/em><\/p>\n<p>ISBN 978-9928-241- 85-6<\/p>\n<p>\u00c7mimi 1000 Lek\u00eb<\/p>\n<p>Faqe<\/p>\n<p>Ky botim flet p\u00ebr periudh\u00ebn e q\u00ebndrimit n\u00eb qytetin e Prizrenit t\u00eb Dr. Laz\u00ebr Radit.<\/p>\n","protected":false},"featured_media":944,"template":"","meta":[],"product_brand":[],"product_cat":[21],"product_tag":[],"class_list":{"0":"post-943","1":"product","2":"type-product","3":"status-publish","4":"has-post-thumbnail","6":"product_cat-studime-shkencore-dhe-monografi","7":"description-off","9":"first","10":"instock","11":"shipping-taxable","12":"product-type-simple"},"_links":{"self":[{"href":"https:\/\/kad.al\/index.php\/wp-json\/wp\/v2\/product\/943","targetHints":{"allow":["GET"]}}],"collection":[{"href":"https:\/\/kad.al\/index.php\/wp-json\/wp\/v2\/product"}],"about":[{"href":"https:\/\/kad.al\/index.php\/wp-json\/wp\/v2\/types\/product"}],"wp:featuredmedia":[{"embeddable":true,"href":"https:\/\/kad.al\/index.php\/wp-json\/wp\/v2\/media\/944"}],"wp:attachment":[{"href":"https:\/\/kad.al\/index.php\/wp-json\/wp\/v2\/media?parent=943"}],"wp:term":[{"taxonomy":"product_brand","embeddable":true,"href":"https:\/\/kad.al\/index.php\/wp-json\/wp\/v2\/product_brand?post=943"},{"taxonomy":"product_cat","embeddable":true,"href":"https:\/\/kad.al\/index.php\/wp-json\/wp\/v2\/product_cat?post=943"},{"taxonomy":"product_tag","embeddable":true,"href":"https:\/\/kad.al\/index.php\/wp-json\/wp\/v2\/product_tag?post=943"}],"curies":[{"name":"wp","href":"https:\/\/api.w.org\/{rel}","templated":true}]}}