{"id":927,"date":"2020-07-13T11:43:43","date_gmt":"2020-07-13T11:43:43","guid":{"rendered":"https:\/\/kad.al\/?post_type=product&#038;p=927"},"modified":"2025-07-07T08:55:54","modified_gmt":"2025-07-07T08:55:54","slug":"kleopatra","status":"publish","type":"product","link":"https:\/\/kad.al\/index.php\/product\/kleopatra\/","title":{"rendered":"KLEOPATRA"},"content":{"rendered":"","protected":false},"excerpt":{"rendered":"<p><strong>KLEOPATRA<\/strong><\/p>\n<p><b><i>Jacob Abbott<\/i><\/b><\/p>\n<p>ISBN 978-9928-317-23-0<\/p>\n<p>\u00c7mimi 1000 Lek\u00eb<\/p>\n<p>Historia e mbret\u00ebresh\u00ebs s\u00eb Egjiptit me gjak maqedon.<\/p>\n","protected":false},"featured_media":928,"template":"","meta":[],"product_brand":[],"product_cat":[22],"product_tag":[],"class_list":{"0":"post-927","1":"product","2":"type-product","3":"status-publish","4":"has-post-thumbnail","6":"product_cat-histori","7":"description-off","9":"first","10":"instock","11":"shipping-taxable","12":"product-type-simple"},"_links":{"self":[{"href":"https:\/\/kad.al\/index.php\/wp-json\/wp\/v2\/product\/927","targetHints":{"allow":["GET"]}}],"collection":[{"href":"https:\/\/kad.al\/index.php\/wp-json\/wp\/v2\/product"}],"about":[{"href":"https:\/\/kad.al\/index.php\/wp-json\/wp\/v2\/types\/product"}],"wp:featuredmedia":[{"embeddable":true,"href":"https:\/\/kad.al\/index.php\/wp-json\/wp\/v2\/media\/928"}],"wp:attachment":[{"href":"https:\/\/kad.al\/index.php\/wp-json\/wp\/v2\/media?parent=927"}],"wp:term":[{"taxonomy":"product_brand","embeddable":true,"href":"https:\/\/kad.al\/index.php\/wp-json\/wp\/v2\/product_brand?post=927"},{"taxonomy":"product_cat","embeddable":true,"href":"https:\/\/kad.al\/index.php\/wp-json\/wp\/v2\/product_cat?post=927"},{"taxonomy":"product_tag","embeddable":true,"href":"https:\/\/kad.al\/index.php\/wp-json\/wp\/v2\/product_tag?post=927"}],"curies":[{"name":"wp","href":"https:\/\/api.w.org\/{rel}","templated":true}]}}