{"id":924,"date":"2020-07-13T11:32:05","date_gmt":"2020-07-13T11:32:05","guid":{"rendered":"https:\/\/kad.al\/?post_type=product&#038;p=924"},"modified":"2025-07-07T08:39:04","modified_gmt":"2025-07-07T08:39:04","slug":"aleksandri-i-madh","status":"publish","type":"product","link":"https:\/\/kad.al\/index.php\/product\/aleksandri-i-madh\/","title":{"rendered":"ALEKSANDRI I MADH"},"content":{"rendered":"","protected":false},"excerpt":{"rendered":"<p><strong>ALEKSANDRI I MADH<\/strong><\/p>\n<p><b><i>Jacob Abbott<\/i><\/b><\/p>\n<p>ISBN 978-9928-241-86-3<\/p>\n<p>\u00c7mimi 1000 Lek\u00eb<\/p>\n<p>Historia e Aleksandrit t\u00eb madh nga cikli &#8220;Njer\u00ebzit q\u00eb b\u00ebn\u00eb Historin\u00eb&#8221;<\/p>\n","protected":false},"featured_media":925,"template":"","meta":[],"product_brand":[],"product_cat":[22],"product_tag":[],"class_list":{"0":"post-924","1":"product","2":"type-product","3":"status-publish","4":"has-post-thumbnail","6":"product_cat-histori","7":"description-off","9":"first","10":"instock","11":"shipping-taxable","12":"product-type-simple"},"_links":{"self":[{"href":"https:\/\/kad.al\/index.php\/wp-json\/wp\/v2\/product\/924","targetHints":{"allow":["GET"]}}],"collection":[{"href":"https:\/\/kad.al\/index.php\/wp-json\/wp\/v2\/product"}],"about":[{"href":"https:\/\/kad.al\/index.php\/wp-json\/wp\/v2\/types\/product"}],"wp:featuredmedia":[{"embeddable":true,"href":"https:\/\/kad.al\/index.php\/wp-json\/wp\/v2\/media\/925"}],"wp:attachment":[{"href":"https:\/\/kad.al\/index.php\/wp-json\/wp\/v2\/media?parent=924"}],"wp:term":[{"taxonomy":"product_brand","embeddable":true,"href":"https:\/\/kad.al\/index.php\/wp-json\/wp\/v2\/product_brand?post=924"},{"taxonomy":"product_cat","embeddable":true,"href":"https:\/\/kad.al\/index.php\/wp-json\/wp\/v2\/product_cat?post=924"},{"taxonomy":"product_tag","embeddable":true,"href":"https:\/\/kad.al\/index.php\/wp-json\/wp\/v2\/product_tag?post=924"}],"curies":[{"name":"wp","href":"https:\/\/api.w.org\/{rel}","templated":true}]}}