{"id":921,"date":"2020-07-13T11:23:13","date_gmt":"2020-07-13T11:23:13","guid":{"rendered":"https:\/\/kad.al\/?post_type=product&#038;p=921"},"modified":"2025-07-05T09:42:17","modified_gmt":"2025-07-05T09:42:17","slug":"shqipnia-ne-vitet-tridhjete","status":"publish","type":"product","link":"https:\/\/kad.al\/index.php\/product\/shqipnia-ne-vitet-tridhjete\/","title":{"rendered":"SHQIPNIA N\u00cb VITET TRIDHJET\u00cb"},"content":{"rendered":"","protected":false},"excerpt":{"rendered":"<p><strong>SHQIPNIA N\u00cb VITET TRIDHJET\u00cb<\/strong><\/p>\n<p><em><strong>Laz\u00ebr Radi<\/strong><\/em><\/p>\n<p>ISBN 978-9928-280-54-1<\/p>\n<p>\u00c7mimi 1400 Lek\u00eb<\/p>\n<p>Nga kujtimet dhe sh\u00ebnimet e Laz\u00ebr Radit.<\/p>\n","protected":false},"featured_media":922,"template":"","meta":[],"product_brand":[],"product_cat":[21],"product_tag":[],"class_list":{"0":"post-921","1":"product","2":"type-product","3":"status-publish","4":"has-post-thumbnail","6":"product_cat-studime-shkencore-dhe-monografi","7":"description-off","9":"first","10":"instock","11":"shipping-taxable","12":"product-type-simple"},"_links":{"self":[{"href":"https:\/\/kad.al\/index.php\/wp-json\/wp\/v2\/product\/921","targetHints":{"allow":["GET"]}}],"collection":[{"href":"https:\/\/kad.al\/index.php\/wp-json\/wp\/v2\/product"}],"about":[{"href":"https:\/\/kad.al\/index.php\/wp-json\/wp\/v2\/types\/product"}],"wp:featuredmedia":[{"embeddable":true,"href":"https:\/\/kad.al\/index.php\/wp-json\/wp\/v2\/media\/922"}],"wp:attachment":[{"href":"https:\/\/kad.al\/index.php\/wp-json\/wp\/v2\/media?parent=921"}],"wp:term":[{"taxonomy":"product_brand","embeddable":true,"href":"https:\/\/kad.al\/index.php\/wp-json\/wp\/v2\/product_brand?post=921"},{"taxonomy":"product_cat","embeddable":true,"href":"https:\/\/kad.al\/index.php\/wp-json\/wp\/v2\/product_cat?post=921"},{"taxonomy":"product_tag","embeddable":true,"href":"https:\/\/kad.al\/index.php\/wp-json\/wp\/v2\/product_tag?post=921"}],"curies":[{"name":"wp","href":"https:\/\/api.w.org\/{rel}","templated":true}]}}