{"id":915,"date":"2020-07-13T11:09:04","date_gmt":"2020-07-13T11:09:04","guid":{"rendered":"https:\/\/kad.al\/?post_type=product&#038;p=915"},"modified":"2025-07-05T09:37:20","modified_gmt":"2025-07-05T09:37:20","slug":"qytete-dhe-fantazma","status":"publish","type":"product","link":"https:\/\/kad.al\/index.php\/product\/qytete-dhe-fantazma\/","title":{"rendered":"QYTETE DHE FANTAZMA"},"content":{"rendered":"","protected":false},"excerpt":{"rendered":"<p><strong>QYTETE DHE FANTAZMA<\/strong><\/p>\n<p><em><strong>Jovan Du\u00e7iq<\/strong><\/em><\/p>\n<p>ISBN 978-9928-280-93-0<\/p>\n<p>\u00c7mimi 1200 Lek\u00eb<\/p>\n<p><strong>P\u00ebrktheu Laz\u00ebr Radi<\/strong><\/p>\n<p>Libri \u201cQytete dhe Fantazma\u201d \u00ebsht\u00eb vep\u00ebr eseistike dhe diplomatike e nivelit t\u00eb lart\u00eb artistik, p\u00ebrkthyer n\u00eb shum\u00eb gjuh\u00eb t\u00eb bot\u00ebs.<\/p>\n","protected":false},"featured_media":916,"template":"","meta":[],"product_brand":[],"product_cat":[21],"product_tag":[],"class_list":{"0":"post-915","1":"product","2":"type-product","3":"status-publish","4":"has-post-thumbnail","6":"product_cat-studime-shkencore-dhe-monografi","7":"description-off","9":"first","10":"instock","11":"shipping-taxable","12":"product-type-simple"},"_links":{"self":[{"href":"https:\/\/kad.al\/index.php\/wp-json\/wp\/v2\/product\/915","targetHints":{"allow":["GET"]}}],"collection":[{"href":"https:\/\/kad.al\/index.php\/wp-json\/wp\/v2\/product"}],"about":[{"href":"https:\/\/kad.al\/index.php\/wp-json\/wp\/v2\/types\/product"}],"wp:featuredmedia":[{"embeddable":true,"href":"https:\/\/kad.al\/index.php\/wp-json\/wp\/v2\/media\/916"}],"wp:attachment":[{"href":"https:\/\/kad.al\/index.php\/wp-json\/wp\/v2\/media?parent=915"}],"wp:term":[{"taxonomy":"product_brand","embeddable":true,"href":"https:\/\/kad.al\/index.php\/wp-json\/wp\/v2\/product_brand?post=915"},{"taxonomy":"product_cat","embeddable":true,"href":"https:\/\/kad.al\/index.php\/wp-json\/wp\/v2\/product_cat?post=915"},{"taxonomy":"product_tag","embeddable":true,"href":"https:\/\/kad.al\/index.php\/wp-json\/wp\/v2\/product_tag?post=915"}],"curies":[{"name":"wp","href":"https:\/\/api.w.org\/{rel}","templated":true}]}}