{"id":908,"date":"2020-07-13T10:39:30","date_gmt":"2020-07-13T10:39:30","guid":{"rendered":"https:\/\/kad.al\/?post_type=product&#038;p=908"},"modified":"2025-07-05T09:43:41","modified_gmt":"2025-07-05T09:43:41","slug":"vorbulla-tjetes-universitare","status":"publish","type":"product","link":"https:\/\/kad.al\/index.php\/product\/vorbulla-tjetes-universitare\/","title":{"rendered":"VORBULLA T&#8217;JET\u00cbS UNIVERSITARE"},"content":{"rendered":"","protected":false},"excerpt":{"rendered":"<p><strong>VORBULLA T&#8217;JET\u00cbS UNIVERSITARE<\/strong><\/p>\n<p><em><strong>Laz\u00ebr Radi<\/strong><\/em><\/p>\n<p>ISBN 978-9928-280-08-4<\/p>\n<p>\u00c7mimi 1600 Lek\u00eb<\/p>\n<p>Vitet e kaluara n\u00eb Rom\u00eb t\u00eb Laz\u00ebr Radit, nga triologjia e jet\u00ebs s\u00eb tij.<\/p>\n","protected":false},"featured_media":909,"template":"","meta":[],"product_brand":[],"product_cat":[21],"product_tag":[],"class_list":{"0":"post-908","1":"product","2":"type-product","3":"status-publish","4":"has-post-thumbnail","6":"product_cat-studime-shkencore-dhe-monografi","7":"description-off","9":"first","10":"instock","11":"shipping-taxable","12":"product-type-simple"},"_links":{"self":[{"href":"https:\/\/kad.al\/index.php\/wp-json\/wp\/v2\/product\/908","targetHints":{"allow":["GET"]}}],"collection":[{"href":"https:\/\/kad.al\/index.php\/wp-json\/wp\/v2\/product"}],"about":[{"href":"https:\/\/kad.al\/index.php\/wp-json\/wp\/v2\/types\/product"}],"wp:featuredmedia":[{"embeddable":true,"href":"https:\/\/kad.al\/index.php\/wp-json\/wp\/v2\/media\/909"}],"wp:attachment":[{"href":"https:\/\/kad.al\/index.php\/wp-json\/wp\/v2\/media?parent=908"}],"wp:term":[{"taxonomy":"product_brand","embeddable":true,"href":"https:\/\/kad.al\/index.php\/wp-json\/wp\/v2\/product_brand?post=908"},{"taxonomy":"product_cat","embeddable":true,"href":"https:\/\/kad.al\/index.php\/wp-json\/wp\/v2\/product_cat?post=908"},{"taxonomy":"product_tag","embeddable":true,"href":"https:\/\/kad.al\/index.php\/wp-json\/wp\/v2\/product_tag?post=908"}],"curies":[{"name":"wp","href":"https:\/\/api.w.org\/{rel}","templated":true}]}}