{"id":905,"date":"2020-07-13T10:30:36","date_gmt":"2020-07-13T10:30:36","guid":{"rendered":"https:\/\/kad.al\/?post_type=product&#038;p=905"},"modified":"2025-07-05T09:34:39","modified_gmt":"2025-07-05T09:34:39","slug":"nji-vere-me-migjenin","status":"publish","type":"product","link":"https:\/\/kad.al\/index.php\/product\/nji-vere-me-migjenin\/","title":{"rendered":"NJI VER\u00cb ME MIGJENIN"},"content":{"rendered":"","protected":false},"excerpt":{"rendered":"<p><strong>NJI VER\u00cb ME MIGJENIN<\/strong><\/p>\n<p><em><strong>Laz\u00ebr Radi<\/strong><\/em><\/p>\n<p>ISBN 978-9928-280-53-4<\/p>\n<p>Faqe<\/p>\n<p>\u00c7mimi 1200 Lek\u00eb<\/p>\n<p>\u201cNji ver\u00eb me Migjenin\u201d, ishte libri i pes\u00ebmb\u00ebdhjet\u00eb i Laz\u00ebr Radit, i cili iu prezantue lexuesve shqiptar\u00eb k\u00ebtu e 20 vite t\u00eb shkuara, n\u00eb shtatorin e 1998.<\/p>\n","protected":false},"featured_media":906,"template":"","meta":[],"product_brand":[],"product_cat":[21],"product_tag":[],"class_list":{"0":"post-905","1":"product","2":"type-product","3":"status-publish","4":"has-post-thumbnail","6":"product_cat-studime-shkencore-dhe-monografi","7":"description-off","9":"first","10":"instock","11":"shipping-taxable","12":"product-type-simple"},"_links":{"self":[{"href":"https:\/\/kad.al\/index.php\/wp-json\/wp\/v2\/product\/905","targetHints":{"allow":["GET"]}}],"collection":[{"href":"https:\/\/kad.al\/index.php\/wp-json\/wp\/v2\/product"}],"about":[{"href":"https:\/\/kad.al\/index.php\/wp-json\/wp\/v2\/types\/product"}],"wp:featuredmedia":[{"embeddable":true,"href":"https:\/\/kad.al\/index.php\/wp-json\/wp\/v2\/media\/906"}],"wp:attachment":[{"href":"https:\/\/kad.al\/index.php\/wp-json\/wp\/v2\/media?parent=905"}],"wp:term":[{"taxonomy":"product_brand","embeddable":true,"href":"https:\/\/kad.al\/index.php\/wp-json\/wp\/v2\/product_brand?post=905"},{"taxonomy":"product_cat","embeddable":true,"href":"https:\/\/kad.al\/index.php\/wp-json\/wp\/v2\/product_cat?post=905"},{"taxonomy":"product_tag","embeddable":true,"href":"https:\/\/kad.al\/index.php\/wp-json\/wp\/v2\/product_tag?post=905"}],"curies":[{"name":"wp","href":"https:\/\/api.w.org\/{rel}","templated":true}]}}