{"id":902,"date":"2020-07-13T10:02:21","date_gmt":"2020-07-13T10:02:21","guid":{"rendered":"https:\/\/kad.al\/?post_type=product&#038;p=902"},"modified":"2025-07-05T09:04:12","modified_gmt":"2025-07-05T09:04:12","slug":"jeta-dhe-zakonet-e-shqiptareve","status":"publish","type":"product","link":"https:\/\/kad.al\/index.php\/product\/jeta-dhe-zakonet-e-shqiptareve\/","title":{"rendered":"JETA DHE ZAKONET E SHQIPTAR\u00cbVE"},"content":{"rendered":"","protected":false},"excerpt":{"rendered":"<p><strong>JETA DHE ZAKONET E SHQIPTAR\u00cbVE<\/strong><\/p>\n<p><em><strong>Mark Milani<\/strong><\/em><\/p>\n<p>ISBN 978-9928-280-77-0<\/p>\n<p>\u00c7mimi 900 Lek\u00eb<\/p>\n<p>222 Faqe<\/p>\n<p><strong>P\u00ebrktheu nga serbishtja Laz\u00ebr Radi<\/strong><\/p>\n<p>Autor i nj\u00eb seri veprash studimore, Mark Milani n\u00eb k\u00ebt\u00eb lib\u00ebr flet p\u00ebr shqiptar\u00ebt.<\/p>\n","protected":false},"featured_media":912,"template":"","meta":[],"product_brand":[],"product_cat":[21],"product_tag":[],"class_list":{"0":"post-902","1":"product","2":"type-product","3":"status-publish","4":"has-post-thumbnail","6":"product_cat-studime-shkencore-dhe-monografi","7":"description-off","9":"first","10":"instock","11":"shipping-taxable","12":"product-type-simple"},"_links":{"self":[{"href":"https:\/\/kad.al\/index.php\/wp-json\/wp\/v2\/product\/902","targetHints":{"allow":["GET"]}}],"collection":[{"href":"https:\/\/kad.al\/index.php\/wp-json\/wp\/v2\/product"}],"about":[{"href":"https:\/\/kad.al\/index.php\/wp-json\/wp\/v2\/types\/product"}],"wp:featuredmedia":[{"embeddable":true,"href":"https:\/\/kad.al\/index.php\/wp-json\/wp\/v2\/media\/912"}],"wp:attachment":[{"href":"https:\/\/kad.al\/index.php\/wp-json\/wp\/v2\/media?parent=902"}],"wp:term":[{"taxonomy":"product_brand","embeddable":true,"href":"https:\/\/kad.al\/index.php\/wp-json\/wp\/v2\/product_brand?post=902"},{"taxonomy":"product_cat","embeddable":true,"href":"https:\/\/kad.al\/index.php\/wp-json\/wp\/v2\/product_cat?post=902"},{"taxonomy":"product_tag","embeddable":true,"href":"https:\/\/kad.al\/index.php\/wp-json\/wp\/v2\/product_tag?post=902"}],"curies":[{"name":"wp","href":"https:\/\/api.w.org\/{rel}","templated":true}]}}