{"id":886,"date":"2020-07-11T12:52:22","date_gmt":"2020-07-11T12:52:22","guid":{"rendered":"https:\/\/kad.al\/?post_type=product&#038;p=886"},"modified":"2021-03-23T09:35:04","modified_gmt":"2021-03-23T09:35:04","slug":"jam-une-sono-io","status":"publish","type":"product","link":"https:\/\/kad.al\/index.php\/product\/jam-une-sono-io\/","title":{"rendered":"JAM UN\u00cb \/ SONO IO"},"content":{"rendered":"","protected":false},"excerpt":{"rendered":"<p>JAM UN\u00cb \/ SONO IO<\/p>\n<p><strong><em>Denata Ndreca<\/em><\/strong><\/p>\n<p>ISBN 978-9928-317-10-0<\/p>\n<p>\u00c7mimi 500 Lek\u00eb \/ 4\u00a0\u20ac<\/p>\n<p>Faqe 48<\/p>\n<p>Autorja Denata Ndreca na sjell nj\u00eb lib\u00ebr p\u00ebr f\u00ebmij\u00ebt e vegj\u00ebl n\u00eb dy gjuh\u00eb.<\/p>\n","protected":false},"featured_media":887,"template":"","meta":[],"product_brand":[],"product_cat":[25],"product_tag":[],"class_list":{"0":"post-886","1":"product","2":"type-product","3":"status-publish","4":"has-post-thumbnail","6":"product_cat-letersi-per-femije-dhe-te-rinj","7":"description-off","9":"first","10":"instock","11":"shipping-taxable","12":"product-type-simple"},"_links":{"self":[{"href":"https:\/\/kad.al\/index.php\/wp-json\/wp\/v2\/product\/886","targetHints":{"allow":["GET"]}}],"collection":[{"href":"https:\/\/kad.al\/index.php\/wp-json\/wp\/v2\/product"}],"about":[{"href":"https:\/\/kad.al\/index.php\/wp-json\/wp\/v2\/types\/product"}],"wp:featuredmedia":[{"embeddable":true,"href":"https:\/\/kad.al\/index.php\/wp-json\/wp\/v2\/media\/887"}],"wp:attachment":[{"href":"https:\/\/kad.al\/index.php\/wp-json\/wp\/v2\/media?parent=886"}],"wp:term":[{"taxonomy":"product_brand","embeddable":true,"href":"https:\/\/kad.al\/index.php\/wp-json\/wp\/v2\/product_brand?post=886"},{"taxonomy":"product_cat","embeddable":true,"href":"https:\/\/kad.al\/index.php\/wp-json\/wp\/v2\/product_cat?post=886"},{"taxonomy":"product_tag","embeddable":true,"href":"https:\/\/kad.al\/index.php\/wp-json\/wp\/v2\/product_tag?post=886"}],"curies":[{"name":"wp","href":"https:\/\/api.w.org\/{rel}","templated":true}]}}