{"id":880,"date":"2020-07-11T12:40:38","date_gmt":"2020-07-11T12:40:38","guid":{"rendered":"https:\/\/kad.al\/?post_type=product&#038;p=880"},"modified":"2020-07-11T12:46:14","modified_gmt":"2020-07-11T12:46:14","slug":"goditje-nga-distanca","status":"publish","type":"product","link":"https:\/\/kad.al\/index.php\/product\/goditje-nga-distanca\/","title":{"rendered":"GODITJE NGA DISTANCA"},"content":{"rendered":"","protected":false},"excerpt":{"rendered":"<p><strong>GODITJE NGA DISTANCA<\/strong><\/p>\n<p><strong><em>Leonard Kolani<\/em><\/strong><\/p>\n<p>&nbsp;<\/p>\n<p>&nbsp;<\/p>\n<p>Nj\u00eb metod\u00eb shahu p\u00ebr t\u00eb gjith\u00eb admiruesit e rinj\u00a0 t\u00eb k\u00ebsaj loje, por jo vet\u00ebm.<\/p>\n","protected":false},"featured_media":881,"template":"","meta":[],"product_brand":[],"product_cat":[25],"product_tag":[],"class_list":{"0":"post-880","1":"product","2":"type-product","3":"status-publish","4":"has-post-thumbnail","6":"product_cat-letersi-per-femije-dhe-te-rinj","7":"description-off","9":"first","10":"instock","11":"shipping-taxable","12":"product-type-simple"},"_links":{"self":[{"href":"https:\/\/kad.al\/index.php\/wp-json\/wp\/v2\/product\/880","targetHints":{"allow":["GET"]}}],"collection":[{"href":"https:\/\/kad.al\/index.php\/wp-json\/wp\/v2\/product"}],"about":[{"href":"https:\/\/kad.al\/index.php\/wp-json\/wp\/v2\/types\/product"}],"wp:featuredmedia":[{"embeddable":true,"href":"https:\/\/kad.al\/index.php\/wp-json\/wp\/v2\/media\/881"}],"wp:attachment":[{"href":"https:\/\/kad.al\/index.php\/wp-json\/wp\/v2\/media?parent=880"}],"wp:term":[{"taxonomy":"product_brand","embeddable":true,"href":"https:\/\/kad.al\/index.php\/wp-json\/wp\/v2\/product_brand?post=880"},{"taxonomy":"product_cat","embeddable":true,"href":"https:\/\/kad.al\/index.php\/wp-json\/wp\/v2\/product_cat?post=880"},{"taxonomy":"product_tag","embeddable":true,"href":"https:\/\/kad.al\/index.php\/wp-json\/wp\/v2\/product_tag?post=880"}],"curies":[{"name":"wp","href":"https:\/\/api.w.org\/{rel}","templated":true}]}}