{"id":877,"date":"2020-07-11T12:33:35","date_gmt":"2020-07-11T12:33:35","guid":{"rendered":"https:\/\/kad.al\/?post_type=product&#038;p=877"},"modified":"2020-07-17T09:28:28","modified_gmt":"2020-07-17T09:28:28","slug":"kohe-e-mohueme","status":"publish","type":"product","link":"https:\/\/kad.al\/index.php\/product\/kohe-e-mohueme\/","title":{"rendered":"KOH\u00cb E MOHUEME"},"content":{"rendered":"","protected":false},"excerpt":{"rendered":"<p><strong>KOH\u00cb E MOHUEME<\/strong><\/p>\n<p><b><i>Denata Ndreca<\/i><\/b><\/p>\n<p>ISBN 978-9928-280-65-7<\/p>\n<p>\u00c7mimi 1200 Lek\u00eb \/ 10\u00a0\u20ac<\/p>\n<p>Nj\u00eb lib\u00ebr n\u00eb dy gjuh\u00eb nga autorja Denata Ndreca.<\/p>\n<p>&nbsp;<\/p>\n","protected":false},"featured_media":878,"template":"","meta":[],"product_brand":[],"product_cat":[24],"product_tag":[],"class_list":{"0":"post-877","1":"product","2":"type-product","3":"status-publish","4":"has-post-thumbnail","6":"product_cat-poezi","7":"description-off","9":"first","10":"instock","11":"shipping-taxable","12":"product-type-simple"},"_links":{"self":[{"href":"https:\/\/kad.al\/index.php\/wp-json\/wp\/v2\/product\/877","targetHints":{"allow":["GET"]}}],"collection":[{"href":"https:\/\/kad.al\/index.php\/wp-json\/wp\/v2\/product"}],"about":[{"href":"https:\/\/kad.al\/index.php\/wp-json\/wp\/v2\/types\/product"}],"wp:featuredmedia":[{"embeddable":true,"href":"https:\/\/kad.al\/index.php\/wp-json\/wp\/v2\/media\/878"}],"wp:attachment":[{"href":"https:\/\/kad.al\/index.php\/wp-json\/wp\/v2\/media?parent=877"}],"wp:term":[{"taxonomy":"product_brand","embeddable":true,"href":"https:\/\/kad.al\/index.php\/wp-json\/wp\/v2\/product_brand?post=877"},{"taxonomy":"product_cat","embeddable":true,"href":"https:\/\/kad.al\/index.php\/wp-json\/wp\/v2\/product_cat?post=877"},{"taxonomy":"product_tag","embeddable":true,"href":"https:\/\/kad.al\/index.php\/wp-json\/wp\/v2\/product_tag?post=877"}],"curies":[{"name":"wp","href":"https:\/\/api.w.org\/{rel}","templated":true}]}}