{"id":874,"date":"2020-07-11T12:24:11","date_gmt":"2020-07-11T12:24:11","guid":{"rendered":"https:\/\/kad.al\/?post_type=product&#038;p=874"},"modified":"2020-07-17T09:29:02","modified_gmt":"2020-07-17T09:29:02","slug":"vec-mundem-me-te-dashte-njashtu-sic-je","status":"publish","type":"product","link":"https:\/\/kad.al\/index.php\/product\/vec-mundem-me-te-dashte-njashtu-sic-je\/","title":{"rendered":"VE\u00c7 MUNDEM ME T\u00cb DASHT\u00cb, NJASHTU SI\u00c7 JE&#8230;"},"content":{"rendered":"","protected":false},"excerpt":{"rendered":"<p><strong>VE\u00c7 MUNDEM ME T\u00cb DASHT\u00cb, NJASHTU SI\u00c7 JE&#8230;<\/strong><\/p>\n<p><b><i>Nektar prej lirik\u00ebs botnore<\/i><\/b><\/p>\n<p>ISBN 978-9928-280-23-7<\/p>\n<p>\u00c7mimi 1000 Lek\u00eb \/ 8\u00a0\u20ac<\/p>\n<p>P\u00ebrzgjolli e p\u00ebrktheu Jozef Radi<\/p>\n<p>Disa nga autor\u00ebt m\u00eb t\u00eb njohur bot\u00ebror\u00eb vin\u00eb n\u00eb k\u00ebt\u00eb botim n\u00eb nj\u00eb p\u00ebrmbledhje<\/p>\n<p>&nbsp;<\/p>\n","protected":false},"featured_media":875,"template":"","meta":[],"product_brand":[],"product_cat":[24],"product_tag":[],"class_list":{"0":"post-874","1":"product","2":"type-product","3":"status-publish","4":"has-post-thumbnail","6":"product_cat-poezi","7":"description-off","9":"first","10":"instock","11":"shipping-taxable","12":"product-type-simple"},"_links":{"self":[{"href":"https:\/\/kad.al\/index.php\/wp-json\/wp\/v2\/product\/874","targetHints":{"allow":["GET"]}}],"collection":[{"href":"https:\/\/kad.al\/index.php\/wp-json\/wp\/v2\/product"}],"about":[{"href":"https:\/\/kad.al\/index.php\/wp-json\/wp\/v2\/types\/product"}],"wp:featuredmedia":[{"embeddable":true,"href":"https:\/\/kad.al\/index.php\/wp-json\/wp\/v2\/media\/875"}],"wp:attachment":[{"href":"https:\/\/kad.al\/index.php\/wp-json\/wp\/v2\/media?parent=874"}],"wp:term":[{"taxonomy":"product_brand","embeddable":true,"href":"https:\/\/kad.al\/index.php\/wp-json\/wp\/v2\/product_brand?post=874"},{"taxonomy":"product_cat","embeddable":true,"href":"https:\/\/kad.al\/index.php\/wp-json\/wp\/v2\/product_cat?post=874"},{"taxonomy":"product_tag","embeddable":true,"href":"https:\/\/kad.al\/index.php\/wp-json\/wp\/v2\/product_tag?post=874"}],"curies":[{"name":"wp","href":"https:\/\/api.w.org\/{rel}","templated":true}]}}