{"id":871,"date":"2020-07-11T12:18:45","date_gmt":"2020-07-11T12:18:45","guid":{"rendered":"https:\/\/kad.al\/?post_type=product&#038;p=871"},"modified":"2020-07-17T09:29:46","modified_gmt":"2020-07-17T09:29:46","slug":"psheretin-nje-fije-bari","status":"publish","type":"product","link":"https:\/\/kad.al\/index.php\/product\/psheretin-nje-fije-bari\/","title":{"rendered":"PSHER\u00cbTIN NJ\u00cb FIJE BARI"},"content":{"rendered":"","protected":false},"excerpt":{"rendered":"<p><strong>PSHER\u00cbTIN NJ\u00cb FIJE BARI<\/strong><\/p>\n<p><b><i>Edmond Agolli<\/i><\/b><\/p>\n<p>ISBN 978-9928-241-82-5<\/p>\n<p>\u00c7mimi 700 Lek\u00eb \/ 6\u00a0\u20ac<\/p>\n<p>Poezi nga Edmond Agolli<\/p>\n<p>&nbsp;<\/p>\n","protected":false},"featured_media":872,"template":"","meta":[],"product_brand":[],"product_cat":[24],"product_tag":[],"class_list":{"0":"post-871","1":"product","2":"type-product","3":"status-publish","4":"has-post-thumbnail","6":"product_cat-poezi","7":"description-off","9":"first","10":"instock","11":"shipping-taxable","12":"product-type-simple"},"_links":{"self":[{"href":"https:\/\/kad.al\/index.php\/wp-json\/wp\/v2\/product\/871","targetHints":{"allow":["GET"]}}],"collection":[{"href":"https:\/\/kad.al\/index.php\/wp-json\/wp\/v2\/product"}],"about":[{"href":"https:\/\/kad.al\/index.php\/wp-json\/wp\/v2\/types\/product"}],"wp:featuredmedia":[{"embeddable":true,"href":"https:\/\/kad.al\/index.php\/wp-json\/wp\/v2\/media\/872"}],"wp:attachment":[{"href":"https:\/\/kad.al\/index.php\/wp-json\/wp\/v2\/media?parent=871"}],"wp:term":[{"taxonomy":"product_brand","embeddable":true,"href":"https:\/\/kad.al\/index.php\/wp-json\/wp\/v2\/product_brand?post=871"},{"taxonomy":"product_cat","embeddable":true,"href":"https:\/\/kad.al\/index.php\/wp-json\/wp\/v2\/product_cat?post=871"},{"taxonomy":"product_tag","embeddable":true,"href":"https:\/\/kad.al\/index.php\/wp-json\/wp\/v2\/product_tag?post=871"}],"curies":[{"name":"wp","href":"https:\/\/api.w.org\/{rel}","templated":true}]}}