{"id":862,"date":"2020-07-11T11:56:34","date_gmt":"2020-07-11T11:56:34","guid":{"rendered":"https:\/\/kad.al\/?post_type=product&#038;p=862"},"modified":"2020-07-17T09:31:56","modified_gmt":"2020-07-17T09:31:56","slug":"poete-disidente","status":"publish","type":"product","link":"https:\/\/kad.al\/index.php\/product\/poete-disidente\/","title":{"rendered":"POET\u00cb DISIDENT\u00cb"},"content":{"rendered":"","protected":false},"excerpt":{"rendered":"<p><strong>POET\u00cb DISIDENT\u00cb<\/strong><\/p>\n<p><b><i>Grupim autor\u00ebsh<\/i><\/b><\/p>\n<p>ISBN 978 &#8211; 9928 &#8211; 280 &#8211; 75 &#8211; 6<\/p>\n<p>\u00c7mimi 800 Lek\u00eb \/ 7\u00a0\u20ac<\/p>\n<p>N\u00eb k\u00ebt\u00eb botim kemi autor\u00eb t\u00eb ndrysh\u00ebm nga anemban\u00eb bot\u00ebs t\u00eb quajtur disident\u00eb n\u00eb vendet e tyre.<\/p>\n<p>P\u00ebrzgjedhur dhe shqip\u00ebruar nga Maksim Rakipaj<\/p>\n<p>&nbsp;<\/p>\n","protected":false},"featured_media":863,"template":"","meta":[],"product_brand":[],"product_cat":[24],"product_tag":[],"class_list":{"0":"post-862","1":"product","2":"type-product","3":"status-publish","4":"has-post-thumbnail","6":"product_cat-poezi","7":"description-off","9":"first","10":"instock","11":"shipping-taxable","12":"product-type-simple"},"_links":{"self":[{"href":"https:\/\/kad.al\/index.php\/wp-json\/wp\/v2\/product\/862","targetHints":{"allow":["GET"]}}],"collection":[{"href":"https:\/\/kad.al\/index.php\/wp-json\/wp\/v2\/product"}],"about":[{"href":"https:\/\/kad.al\/index.php\/wp-json\/wp\/v2\/types\/product"}],"wp:featuredmedia":[{"embeddable":true,"href":"https:\/\/kad.al\/index.php\/wp-json\/wp\/v2\/media\/863"}],"wp:attachment":[{"href":"https:\/\/kad.al\/index.php\/wp-json\/wp\/v2\/media?parent=862"}],"wp:term":[{"taxonomy":"product_brand","embeddable":true,"href":"https:\/\/kad.al\/index.php\/wp-json\/wp\/v2\/product_brand?post=862"},{"taxonomy":"product_cat","embeddable":true,"href":"https:\/\/kad.al\/index.php\/wp-json\/wp\/v2\/product_cat?post=862"},{"taxonomy":"product_tag","embeddable":true,"href":"https:\/\/kad.al\/index.php\/wp-json\/wp\/v2\/product_tag?post=862"}],"curies":[{"name":"wp","href":"https:\/\/api.w.org\/{rel}","templated":true}]}}