{"id":854,"date":"2020-07-11T11:43:20","date_gmt":"2020-07-11T11:43:20","guid":{"rendered":"https:\/\/kad.al\/?post_type=product&#038;p=854"},"modified":"2025-07-08T06:54:24","modified_gmt":"2025-07-08T06:54:24","slug":"nje-grua-ne-pritje","status":"publish","type":"product","link":"https:\/\/kad.al\/index.php\/product\/nje-grua-ne-pritje\/","title":{"rendered":"NJ\u00cb GRUA N\u00cb PRITJE"},"content":{"rendered":"","protected":false},"excerpt":{"rendered":"<p><strong>NJ\u00cb GRUA N\u00cb PRITJE<\/strong><\/p>\n<p><b><i>\u00cbngj\u00ebllushe Sanxhaku Varfi<\/i><\/b><\/p>\n<p>ISBN 978-9928-241-21-4<\/p>\n<p>\u00c7mimi 1000 Lek\u00eb<\/p>\n<p>Roman nga shkrimtarja \u00cbngj\u00ebllushe Sanxhaku.<\/p>\n<p>&nbsp;<\/p>\n","protected":false},"featured_media":857,"template":"","meta":[],"product_brand":[],"product_cat":[23],"product_tag":[],"class_list":{"0":"post-854","1":"product","2":"type-product","3":"status-publish","4":"has-post-thumbnail","6":"product_cat-romane-tregime-novela","7":"description-off","9":"first","10":"instock","11":"shipping-taxable","12":"product-type-simple"},"_links":{"self":[{"href":"https:\/\/kad.al\/index.php\/wp-json\/wp\/v2\/product\/854","targetHints":{"allow":["GET"]}}],"collection":[{"href":"https:\/\/kad.al\/index.php\/wp-json\/wp\/v2\/product"}],"about":[{"href":"https:\/\/kad.al\/index.php\/wp-json\/wp\/v2\/types\/product"}],"wp:featuredmedia":[{"embeddable":true,"href":"https:\/\/kad.al\/index.php\/wp-json\/wp\/v2\/media\/857"}],"wp:attachment":[{"href":"https:\/\/kad.al\/index.php\/wp-json\/wp\/v2\/media?parent=854"}],"wp:term":[{"taxonomy":"product_brand","embeddable":true,"href":"https:\/\/kad.al\/index.php\/wp-json\/wp\/v2\/product_brand?post=854"},{"taxonomy":"product_cat","embeddable":true,"href":"https:\/\/kad.al\/index.php\/wp-json\/wp\/v2\/product_cat?post=854"},{"taxonomy":"product_tag","embeddable":true,"href":"https:\/\/kad.al\/index.php\/wp-json\/wp\/v2\/product_tag?post=854"}],"curies":[{"name":"wp","href":"https:\/\/api.w.org\/{rel}","templated":true}]}}