{"id":842,"date":"2020-07-11T11:11:16","date_gmt":"2020-07-11T11:11:16","guid":{"rendered":"https:\/\/kad.al\/?post_type=product&#038;p=842"},"modified":"2025-07-05T09:20:16","modified_gmt":"2025-07-05T09:20:16","slug":"ministri-i-hekurt-marash-ivanaj","status":"publish","type":"product","link":"https:\/\/kad.al\/index.php\/product\/ministri-i-hekurt-marash-ivanaj\/","title":{"rendered":"MINISTRI I HEKURT MIRASH IVANAJ"},"content":{"rendered":"","protected":false},"excerpt":{"rendered":"<p><strong>MINISTRI I HEKURT MIRASH IVANAJ<\/strong><\/p>\n<p><em><strong>Laz\u00ebr Radi<\/strong><\/em><\/p>\n<p>ISBN 978-9928-241-91-7<\/p>\n<p>\u00c7mimi 1000 Lek\u00eb<\/p>\n<p>340 Faqe<\/p>\n<p>Ky lib\u00ebr i kushtohet ish Ministrit t\u00eb Arsimit t\u00eb periudh\u00ebs s\u00eb A. Zogut, Mirash Ivanajt.<\/p>\n","protected":false},"featured_media":843,"template":"","meta":[],"product_brand":[],"product_cat":[21],"product_tag":[],"class_list":{"0":"post-842","1":"product","2":"type-product","3":"status-publish","4":"has-post-thumbnail","6":"product_cat-studime-shkencore-dhe-monografi","7":"description-off","9":"first","10":"instock","11":"shipping-taxable","12":"product-type-simple"},"_links":{"self":[{"href":"https:\/\/kad.al\/index.php\/wp-json\/wp\/v2\/product\/842","targetHints":{"allow":["GET"]}}],"collection":[{"href":"https:\/\/kad.al\/index.php\/wp-json\/wp\/v2\/product"}],"about":[{"href":"https:\/\/kad.al\/index.php\/wp-json\/wp\/v2\/types\/product"}],"wp:featuredmedia":[{"embeddable":true,"href":"https:\/\/kad.al\/index.php\/wp-json\/wp\/v2\/media\/843"}],"wp:attachment":[{"href":"https:\/\/kad.al\/index.php\/wp-json\/wp\/v2\/media?parent=842"}],"wp:term":[{"taxonomy":"product_brand","embeddable":true,"href":"https:\/\/kad.al\/index.php\/wp-json\/wp\/v2\/product_brand?post=842"},{"taxonomy":"product_cat","embeddable":true,"href":"https:\/\/kad.al\/index.php\/wp-json\/wp\/v2\/product_cat?post=842"},{"taxonomy":"product_tag","embeddable":true,"href":"https:\/\/kad.al\/index.php\/wp-json\/wp\/v2\/product_tag?post=842"}],"curies":[{"name":"wp","href":"https:\/\/api.w.org\/{rel}","templated":true}]}}