{"id":836,"date":"2020-07-11T10:58:23","date_gmt":"2020-07-11T10:58:23","guid":{"rendered":"https:\/\/kad.al\/?post_type=product&#038;p=836"},"modified":"2025-07-05T09:35:55","modified_gmt":"2025-07-05T09:35:55","slug":"pamje-fizike-e-treves-se-kavajes","status":"publish","type":"product","link":"https:\/\/kad.al\/index.php\/product\/pamje-fizike-e-treves-se-kavajes\/","title":{"rendered":"PAMJE FIZIKE E TREV\u00cbS S\u00cb KAVAJ\u00cbS"},"content":{"rendered":"","protected":false},"excerpt":{"rendered":"<p><strong>PAMJE FIZIKE E TREV\u00cbS S\u00cb KAVAJ\u00cbS<\/strong><\/p>\n<p><em><strong>Xhaferr Xhihani<\/strong><\/em><\/p>\n<p>ISBN 978- 9928-241-41-2<\/p>\n<p>\u00c7mimi 600 Lek\u00eb<\/p>\n<p>Studim nga Xhaferr Xhihani.<\/p>\n","protected":false},"featured_media":837,"template":"","meta":[],"product_brand":[],"product_cat":[21],"product_tag":[],"class_list":{"0":"post-836","1":"product","2":"type-product","3":"status-publish","4":"has-post-thumbnail","6":"product_cat-studime-shkencore-dhe-monografi","7":"description-off","9":"first","10":"instock","11":"shipping-taxable","12":"product-type-simple"},"_links":{"self":[{"href":"https:\/\/kad.al\/index.php\/wp-json\/wp\/v2\/product\/836","targetHints":{"allow":["GET"]}}],"collection":[{"href":"https:\/\/kad.al\/index.php\/wp-json\/wp\/v2\/product"}],"about":[{"href":"https:\/\/kad.al\/index.php\/wp-json\/wp\/v2\/types\/product"}],"wp:featuredmedia":[{"embeddable":true,"href":"https:\/\/kad.al\/index.php\/wp-json\/wp\/v2\/media\/837"}],"wp:attachment":[{"href":"https:\/\/kad.al\/index.php\/wp-json\/wp\/v2\/media?parent=836"}],"wp:term":[{"taxonomy":"product_brand","embeddable":true,"href":"https:\/\/kad.al\/index.php\/wp-json\/wp\/v2\/product_brand?post=836"},{"taxonomy":"product_cat","embeddable":true,"href":"https:\/\/kad.al\/index.php\/wp-json\/wp\/v2\/product_cat?post=836"},{"taxonomy":"product_tag","embeddable":true,"href":"https:\/\/kad.al\/index.php\/wp-json\/wp\/v2\/product_tag?post=836"}],"curies":[{"name":"wp","href":"https:\/\/api.w.org\/{rel}","templated":true}]}}