{"id":831,"date":"2020-07-11T10:48:59","date_gmt":"2020-07-11T10:48:59","guid":{"rendered":"https:\/\/kad.al\/?post_type=product&#038;p=831"},"modified":"2025-07-05T08:39:32","modified_gmt":"2025-07-05T08:39:32","slug":"balade-per-josif-buden","status":"publish","type":"product","link":"https:\/\/kad.al\/index.php\/product\/balade-per-josif-buden\/","title":{"rendered":"BALAD\u00cb P\u00cbR JOSIF BUDON"},"content":{"rendered":"","protected":false},"excerpt":{"rendered":"<p><strong>BALAD\u00cb P\u00cbR JOSIF BUDON<\/strong><\/p>\n<p><em><strong>Josif Doja<\/strong><\/em><\/p>\n<p>ISBN 978-9928-241-32-0<\/p>\n<p>\u00c7mimi 500 Lek\u00eb<\/p>\n<p>Nj\u00eb monografi p\u00ebr Josif Budon, i cil\u00ebsuar si martir i demokracis\u00eb nga autori.<\/p>\n","protected":false},"featured_media":834,"template":"","meta":[],"product_brand":[],"product_cat":[21],"product_tag":[],"class_list":{"0":"post-831","1":"product","2":"type-product","3":"status-publish","4":"has-post-thumbnail","6":"product_cat-studime-shkencore-dhe-monografi","7":"description-off","9":"first","10":"instock","11":"shipping-taxable","12":"product-type-simple"},"_links":{"self":[{"href":"https:\/\/kad.al\/index.php\/wp-json\/wp\/v2\/product\/831","targetHints":{"allow":["GET"]}}],"collection":[{"href":"https:\/\/kad.al\/index.php\/wp-json\/wp\/v2\/product"}],"about":[{"href":"https:\/\/kad.al\/index.php\/wp-json\/wp\/v2\/types\/product"}],"wp:featuredmedia":[{"embeddable":true,"href":"https:\/\/kad.al\/index.php\/wp-json\/wp\/v2\/media\/834"}],"wp:attachment":[{"href":"https:\/\/kad.al\/index.php\/wp-json\/wp\/v2\/media?parent=831"}],"wp:term":[{"taxonomy":"product_brand","embeddable":true,"href":"https:\/\/kad.al\/index.php\/wp-json\/wp\/v2\/product_brand?post=831"},{"taxonomy":"product_cat","embeddable":true,"href":"https:\/\/kad.al\/index.php\/wp-json\/wp\/v2\/product_cat?post=831"},{"taxonomy":"product_tag","embeddable":true,"href":"https:\/\/kad.al\/index.php\/wp-json\/wp\/v2\/product_tag?post=831"}],"curies":[{"name":"wp","href":"https:\/\/api.w.org\/{rel}","templated":true}]}}