{"id":828,"date":"2020-07-11T10:40:25","date_gmt":"2020-07-11T10:40:25","guid":{"rendered":"https:\/\/kad.al\/?post_type=product&#038;p=828"},"modified":"2025-07-05T09:17:28","modified_gmt":"2025-07-05T09:17:28","slug":"ligjerime-per-ceshtje-te-albanologjise","status":"publish","type":"product","link":"https:\/\/kad.al\/index.php\/product\/ligjerime-per-ceshtje-te-albanologjise\/","title":{"rendered":"LIGJ\u00cbRIME P\u00cbR \u00c7\u00cbSHTJE T\u00cb ALBANOLOGJIS\u00cb"},"content":{"rendered":"","protected":false},"excerpt":{"rendered":"<p><strong>LIGJ\u00cbRIME P\u00cbR \u00c7\u00cbSHTJE T\u00cb ALBANOLOGJIS\u00cb<\/strong><\/p>\n<p><em><strong>Matilda Parllaku<\/strong><\/em><\/p>\n<p>ISBN 978-9928-241-23-8<\/p>\n<p>\u00c7mimi 1500 Lek\u00eb<\/p>\n<p>Studim nga Matilda Parllaku (\u00c7ollaku)<\/p>\n","protected":false},"featured_media":829,"template":"","meta":[],"product_brand":[],"product_cat":[21],"product_tag":[],"class_list":{"0":"post-828","1":"product","2":"type-product","3":"status-publish","4":"has-post-thumbnail","6":"product_cat-studime-shkencore-dhe-monografi","7":"description-off","9":"first","10":"instock","11":"shipping-taxable","12":"product-type-simple"},"_links":{"self":[{"href":"https:\/\/kad.al\/index.php\/wp-json\/wp\/v2\/product\/828","targetHints":{"allow":["GET"]}}],"collection":[{"href":"https:\/\/kad.al\/index.php\/wp-json\/wp\/v2\/product"}],"about":[{"href":"https:\/\/kad.al\/index.php\/wp-json\/wp\/v2\/types\/product"}],"wp:featuredmedia":[{"embeddable":true,"href":"https:\/\/kad.al\/index.php\/wp-json\/wp\/v2\/media\/829"}],"wp:attachment":[{"href":"https:\/\/kad.al\/index.php\/wp-json\/wp\/v2\/media?parent=828"}],"wp:term":[{"taxonomy":"product_brand","embeddable":true,"href":"https:\/\/kad.al\/index.php\/wp-json\/wp\/v2\/product_brand?post=828"},{"taxonomy":"product_cat","embeddable":true,"href":"https:\/\/kad.al\/index.php\/wp-json\/wp\/v2\/product_cat?post=828"},{"taxonomy":"product_tag","embeddable":true,"href":"https:\/\/kad.al\/index.php\/wp-json\/wp\/v2\/product_tag?post=828"}],"curies":[{"name":"wp","href":"https:\/\/api.w.org\/{rel}","templated":true}]}}