{"id":819,"date":"2020-07-11T09:45:16","date_gmt":"2020-07-11T09:45:16","guid":{"rendered":"https:\/\/kad.al\/?post_type=product&#038;p=819"},"modified":"2025-07-07T09:12:51","modified_gmt":"2025-07-07T09:12:51","slug":"shqiperia-dhe-tokat-e-lirueme","status":"publish","type":"product","link":"https:\/\/kad.al\/index.php\/product\/shqiperia-dhe-tokat-e-lirueme\/","title":{"rendered":"SHQIP\u00cbRIA DHE TOKAT E LIRUEME"},"content":{"rendered":"","protected":false},"excerpt":{"rendered":"<p><strong>SHQIP\u00cbRIA DHE TOKAT E LIRUEME<\/strong><\/p>\n<p><b><i>Romeo Gurakuqi<\/i><\/b><\/p>\n<p>ISBN 978-9928-241-84-9<\/p>\n<p>\u00c7mimi 5000 Lek\u00eb<\/p>\n<p>Faqe 1740<\/p>\n<p>Nj\u00eb lib\u00ebr ku flitet p\u00ebr Shqip\u00ebrin\u00eb e viteve 1939 &#8211; 1946.<\/p>\n","protected":false},"featured_media":820,"template":"","meta":[],"product_brand":[],"product_cat":[22],"product_tag":[],"class_list":{"0":"post-819","1":"product","2":"type-product","3":"status-publish","4":"has-post-thumbnail","6":"product_cat-histori","7":"description-off","9":"first","10":"instock","11":"shipping-taxable","12":"product-type-simple"},"_links":{"self":[{"href":"https:\/\/kad.al\/index.php\/wp-json\/wp\/v2\/product\/819","targetHints":{"allow":["GET"]}}],"collection":[{"href":"https:\/\/kad.al\/index.php\/wp-json\/wp\/v2\/product"}],"about":[{"href":"https:\/\/kad.al\/index.php\/wp-json\/wp\/v2\/types\/product"}],"wp:featuredmedia":[{"embeddable":true,"href":"https:\/\/kad.al\/index.php\/wp-json\/wp\/v2\/media\/820"}],"wp:attachment":[{"href":"https:\/\/kad.al\/index.php\/wp-json\/wp\/v2\/media?parent=819"}],"wp:term":[{"taxonomy":"product_brand","embeddable":true,"href":"https:\/\/kad.al\/index.php\/wp-json\/wp\/v2\/product_brand?post=819"},{"taxonomy":"product_cat","embeddable":true,"href":"https:\/\/kad.al\/index.php\/wp-json\/wp\/v2\/product_cat?post=819"},{"taxonomy":"product_tag","embeddable":true,"href":"https:\/\/kad.al\/index.php\/wp-json\/wp\/v2\/product_tag?post=819"}],"curies":[{"name":"wp","href":"https:\/\/api.w.org\/{rel}","templated":true}]}}