{"id":806,"date":"2020-07-11T09:03:02","date_gmt":"2020-07-11T09:03:02","guid":{"rendered":"https:\/\/kad.al\/?post_type=product&#038;p=806"},"modified":"2020-07-17T09:48:52","modified_gmt":"2020-07-17T09:48:52","slug":"kenget-e-pafajesise-dhe-te-pervojes","status":"publish","type":"product","link":"https:\/\/kad.al\/index.php\/product\/kenget-e-pafajesise-dhe-te-pervojes\/","title":{"rendered":"K\u00cbNG\u00cbT E PAFAJ\u00cbSIS\u00cb DHE T\u00cb P\u00cbRVOJ\u00cbS"},"content":{"rendered":"","protected":false},"excerpt":{"rendered":"<p><strong>K\u00cbNG\u00cbT E PAFAJ\u00cbSIS\u00cb DHE T\u00cb P\u00cbRVOJ\u00cbS<\/strong><\/p>\n<p><strong>William Blake<\/strong><\/p>\n<p>ISBN 978-9928- 414-75-5<\/p>\n<p>\u00c7mimi 900 Lek\u00eb \/ 8\u00a0\u20ac<\/p>\n<p>Ky lib\u00ebrth p\u00ebrmban disa nga lirikat m\u00eb t\u00eb bukura t\u00eb gjuh\u00ebs angleze<\/p>\n<p>P\u00ebrgatiti &amp; shqip\u00ebroi: ARBEN DEDJA\u00a0 \/ Botim dygjuh\u00ebsh<\/p>\n","protected":false},"featured_media":807,"template":"","meta":[],"product_brand":[],"product_cat":[27],"product_tag":[],"class_list":{"0":"post-806","1":"product","2":"type-product","3":"status-publish","4":"has-post-thumbnail","6":"product_cat-letersia-klasike","7":"description-off","9":"first","10":"instock","11":"shipping-taxable","12":"product-type-simple"},"_links":{"self":[{"href":"https:\/\/kad.al\/index.php\/wp-json\/wp\/v2\/product\/806","targetHints":{"allow":["GET"]}}],"collection":[{"href":"https:\/\/kad.al\/index.php\/wp-json\/wp\/v2\/product"}],"about":[{"href":"https:\/\/kad.al\/index.php\/wp-json\/wp\/v2\/types\/product"}],"wp:featuredmedia":[{"embeddable":true,"href":"https:\/\/kad.al\/index.php\/wp-json\/wp\/v2\/media\/807"}],"wp:attachment":[{"href":"https:\/\/kad.al\/index.php\/wp-json\/wp\/v2\/media?parent=806"}],"wp:term":[{"taxonomy":"product_brand","embeddable":true,"href":"https:\/\/kad.al\/index.php\/wp-json\/wp\/v2\/product_brand?post=806"},{"taxonomy":"product_cat","embeddable":true,"href":"https:\/\/kad.al\/index.php\/wp-json\/wp\/v2\/product_cat?post=806"},{"taxonomy":"product_tag","embeddable":true,"href":"https:\/\/kad.al\/index.php\/wp-json\/wp\/v2\/product_tag?post=806"}],"curies":[{"name":"wp","href":"https:\/\/api.w.org\/{rel}","templated":true}]}}