{"id":800,"date":"2020-07-11T08:48:46","date_gmt":"2020-07-11T08:48:46","guid":{"rendered":"https:\/\/kad.al\/?post_type=product&#038;p=800"},"modified":"2020-07-11T08:53:30","modified_gmt":"2020-07-11T08:53:30","slug":"durresi-deri-ne-vitin-1938","status":"publish","type":"product","link":"https:\/\/kad.al\/index.php\/product\/durresi-deri-ne-vitin-1938\/","title":{"rendered":"DURR\u00cbSI DERI N\u00cb VITIN 1938"},"content":{"rendered":"","protected":false},"excerpt":{"rendered":"<p><strong>DURR\u00cbSI DERI N\u00cb VITIN 1938<\/strong><\/p>\n<p><b><i>Aristidh Mima<\/i><\/b><\/p>\n<p>ISBN 978 &#8211; 9928 &#8211; 189 &#8211; 24 &#8211; 0<\/p>\n<p>\u00c7mimi 800 Lek\u00eb<\/p>\n<p>Foto dhe kujtime<\/p>\n","protected":false},"featured_media":801,"template":"","meta":[],"product_brand":[],"product_cat":[26],"product_tag":[],"class_list":{"0":"post-800","1":"product","2":"type-product","3":"status-publish","4":"has-post-thumbnail","6":"product_cat-fjalore-albume","7":"description-off","9":"first","10":"instock","11":"shipping-taxable","12":"product-type-simple"},"_links":{"self":[{"href":"https:\/\/kad.al\/index.php\/wp-json\/wp\/v2\/product\/800","targetHints":{"allow":["GET"]}}],"collection":[{"href":"https:\/\/kad.al\/index.php\/wp-json\/wp\/v2\/product"}],"about":[{"href":"https:\/\/kad.al\/index.php\/wp-json\/wp\/v2\/types\/product"}],"wp:featuredmedia":[{"embeddable":true,"href":"https:\/\/kad.al\/index.php\/wp-json\/wp\/v2\/media\/801"}],"wp:attachment":[{"href":"https:\/\/kad.al\/index.php\/wp-json\/wp\/v2\/media?parent=800"}],"wp:term":[{"taxonomy":"product_brand","embeddable":true,"href":"https:\/\/kad.al\/index.php\/wp-json\/wp\/v2\/product_brand?post=800"},{"taxonomy":"product_cat","embeddable":true,"href":"https:\/\/kad.al\/index.php\/wp-json\/wp\/v2\/product_cat?post=800"},{"taxonomy":"product_tag","embeddable":true,"href":"https:\/\/kad.al\/index.php\/wp-json\/wp\/v2\/product_tag?post=800"}],"curies":[{"name":"wp","href":"https:\/\/api.w.org\/{rel}","templated":true}]}}