{"id":790,"date":"2020-07-10T15:03:22","date_gmt":"2020-07-10T15:03:22","guid":{"rendered":"https:\/\/kad.al\/?post_type=product&#038;p=790"},"modified":"2020-07-17T09:55:59","modified_gmt":"2020-07-17T09:55:59","slug":"katerine-sertityde","status":"publish","type":"product","link":"https:\/\/kad.al\/index.php\/product\/katerine-sertityde\/","title":{"rendered":"KATERIN\u00cb SERTITYD\u00cb"},"content":{"rendered":"","protected":false},"excerpt":{"rendered":"<p><strong>KATERIN\u00cb SERTITYD\u00cb<\/strong><\/p>\n<p><b><i>Patrik Modiano<\/i><\/b><\/p>\n<p>ISBN 978 &#8211; 9928 -189 &#8211; 96 -7<\/p>\n<p>\u00c7mimi 400 Lek\u00eb \/ 3\u00a0\u20ac<\/p>\n<p>Roman me ilustrim\u00eb p\u00ebr f\u00ebmij\u00ebt nga Patrik Modiano<\/p>\n","protected":false},"featured_media":791,"template":"","meta":[],"product_brand":[],"product_cat":[25],"product_tag":[],"class_list":{"0":"post-790","1":"product","2":"type-product","3":"status-publish","4":"has-post-thumbnail","6":"product_cat-letersi-per-femije-dhe-te-rinj","7":"description-off","9":"first","10":"instock","11":"shipping-taxable","12":"product-type-simple"},"_links":{"self":[{"href":"https:\/\/kad.al\/index.php\/wp-json\/wp\/v2\/product\/790","targetHints":{"allow":["GET"]}}],"collection":[{"href":"https:\/\/kad.al\/index.php\/wp-json\/wp\/v2\/product"}],"about":[{"href":"https:\/\/kad.al\/index.php\/wp-json\/wp\/v2\/types\/product"}],"wp:featuredmedia":[{"embeddable":true,"href":"https:\/\/kad.al\/index.php\/wp-json\/wp\/v2\/media\/791"}],"wp:attachment":[{"href":"https:\/\/kad.al\/index.php\/wp-json\/wp\/v2\/media?parent=790"}],"wp:term":[{"taxonomy":"product_brand","embeddable":true,"href":"https:\/\/kad.al\/index.php\/wp-json\/wp\/v2\/product_brand?post=790"},{"taxonomy":"product_cat","embeddable":true,"href":"https:\/\/kad.al\/index.php\/wp-json\/wp\/v2\/product_cat?post=790"},{"taxonomy":"product_tag","embeddable":true,"href":"https:\/\/kad.al\/index.php\/wp-json\/wp\/v2\/product_tag?post=790"}],"curies":[{"name":"wp","href":"https:\/\/api.w.org\/{rel}","templated":true}]}}