{"id":787,"date":"2020-07-10T14:56:58","date_gmt":"2020-07-10T14:56:58","guid":{"rendered":"https:\/\/kad.al\/?post_type=product&#038;p=787"},"modified":"2025-07-05T08:58:36","modified_gmt":"2025-07-05T08:58:36","slug":"historiku-i-peshkimit-shqiptar","status":"publish","type":"product","link":"https:\/\/kad.al\/index.php\/product\/historiku-i-peshkimit-shqiptar\/","title":{"rendered":"HISTORIKU I PESHKIMIT SHQIPTAR"},"content":{"rendered":"","protected":false},"excerpt":{"rendered":"<p><strong>HISTORIKU <\/strong><strong>I PESHKIMIT SHQIPTAR\u00a0 <\/strong><br \/>\n<strong><em>Avni Tushe<\/em><\/strong><\/p>\n<p>ISBN 978-9928-4147-9-3<\/p>\n<p>\u00c7mimi 1000 Lek\u00eb<\/p>\n<p>Libri jep nj\u00eb historik t\u00eb peshkimit shqiptar, sidomos t\u00eb periudh\u00ebs 1945 &#8211; 1997<\/p>\n","protected":false},"featured_media":788,"template":"","meta":[],"product_brand":[],"product_cat":[21],"product_tag":[],"class_list":{"0":"post-787","1":"product","2":"type-product","3":"status-publish","4":"has-post-thumbnail","6":"product_cat-studime-shkencore-dhe-monografi","7":"description-off","9":"first","10":"instock","11":"shipping-taxable","12":"product-type-simple"},"_links":{"self":[{"href":"https:\/\/kad.al\/index.php\/wp-json\/wp\/v2\/product\/787","targetHints":{"allow":["GET"]}}],"collection":[{"href":"https:\/\/kad.al\/index.php\/wp-json\/wp\/v2\/product"}],"about":[{"href":"https:\/\/kad.al\/index.php\/wp-json\/wp\/v2\/types\/product"}],"wp:featuredmedia":[{"embeddable":true,"href":"https:\/\/kad.al\/index.php\/wp-json\/wp\/v2\/media\/788"}],"wp:attachment":[{"href":"https:\/\/kad.al\/index.php\/wp-json\/wp\/v2\/media?parent=787"}],"wp:term":[{"taxonomy":"product_brand","embeddable":true,"href":"https:\/\/kad.al\/index.php\/wp-json\/wp\/v2\/product_brand?post=787"},{"taxonomy":"product_cat","embeddable":true,"href":"https:\/\/kad.al\/index.php\/wp-json\/wp\/v2\/product_cat?post=787"},{"taxonomy":"product_tag","embeddable":true,"href":"https:\/\/kad.al\/index.php\/wp-json\/wp\/v2\/product_tag?post=787"}],"curies":[{"name":"wp","href":"https:\/\/api.w.org\/{rel}","templated":true}]}}