{"id":780,"date":"2020-07-10T14:31:59","date_gmt":"2020-07-10T14:31:59","guid":{"rendered":"https:\/\/kad.al\/?post_type=product&#038;p=780"},"modified":"2025-07-07T09:02:34","modified_gmt":"2025-07-07T09:02:34","slug":"shpnesa-e-sheypeniis","status":"publish","type":"product","link":"https:\/\/kad.al\/index.php\/product\/shpnesa-e-sheypeniis\/","title":{"rendered":"SHPN\u00c9SA E SHCYPENIIS"},"content":{"rendered":"","protected":false},"excerpt":{"rendered":"<p><strong>SHPN\u00c9SA E SHCYPENIIS<br \/>\n<\/strong><\/p>\n<p><b><i>Paolo Muner<\/i><\/b><\/p>\n<p>ISBN 978-9928-189-93-6<\/p>\n<p>\u00c7mimi 1400 Lek\u00eb<\/p>\n<p>Nj\u00eb lib\u00ebr q\u00eb flet p\u00ebr familjet shqiptare t\u00eb emigruara drejt qytetit t\u00eb Triestes nga pushtimi turk deri n\u00eb dit\u00ebt e sotme, si dhe lidhjet e k\u00ebtij qyteti me historin\u00eb e Shqip\u00ebris\u00eb.<\/p>\n","protected":false},"featured_media":781,"template":"","meta":[],"product_brand":[],"product_cat":[22],"product_tag":[],"class_list":{"0":"post-780","1":"product","2":"type-product","3":"status-publish","4":"has-post-thumbnail","6":"product_cat-histori","7":"description-off","9":"first","10":"instock","11":"shipping-taxable","12":"product-type-simple"},"_links":{"self":[{"href":"https:\/\/kad.al\/index.php\/wp-json\/wp\/v2\/product\/780","targetHints":{"allow":["GET"]}}],"collection":[{"href":"https:\/\/kad.al\/index.php\/wp-json\/wp\/v2\/product"}],"about":[{"href":"https:\/\/kad.al\/index.php\/wp-json\/wp\/v2\/types\/product"}],"wp:featuredmedia":[{"embeddable":true,"href":"https:\/\/kad.al\/index.php\/wp-json\/wp\/v2\/media\/781"}],"wp:attachment":[{"href":"https:\/\/kad.al\/index.php\/wp-json\/wp\/v2\/media?parent=780"}],"wp:term":[{"taxonomy":"product_brand","embeddable":true,"href":"https:\/\/kad.al\/index.php\/wp-json\/wp\/v2\/product_brand?post=780"},{"taxonomy":"product_cat","embeddable":true,"href":"https:\/\/kad.al\/index.php\/wp-json\/wp\/v2\/product_cat?post=780"},{"taxonomy":"product_tag","embeddable":true,"href":"https:\/\/kad.al\/index.php\/wp-json\/wp\/v2\/product_tag?post=780"}],"curies":[{"name":"wp","href":"https:\/\/api.w.org\/{rel}","templated":true}]}}