{"id":777,"date":"2020-07-10T14:24:24","date_gmt":"2020-07-10T14:24:24","guid":{"rendered":"https:\/\/kad.al\/?post_type=product&#038;p=777"},"modified":"2025-07-07T08:46:51","modified_gmt":"2025-07-07T08:46:51","slug":"dyrrahu-qender-tregtare-zejtare","status":"publish","type":"product","link":"https:\/\/kad.al\/index.php\/product\/dyrrahu-qender-tregtare-zejtare\/","title":{"rendered":"DYRRAHU QEND\u00cbR TREGTARE ZEJTARE"},"content":{"rendered":"","protected":false},"excerpt":{"rendered":"<p><strong>DYRRAHU QEND\u00cbR TREGTARE ZEJTARE<\/strong><\/p>\n<p><b><i>Hava Hidri<\/i><\/b><\/p>\n<p>ISBN 978-9928-189-93-6<\/p>\n<p>\u00c7mimi 800 Lek\u00eb<\/p>\n<p>N\u00eb k\u00ebt\u00eb lib\u00ebr jepet nj\u00eb p\u00ebrshkrim i treg\u00ebtis\u00eb dhe zejeve n\u00eb Dyrrahun e lasht\u00eb<\/p>\n","protected":false},"featured_media":778,"template":"","meta":[],"product_brand":[],"product_cat":[22],"product_tag":[],"class_list":{"0":"post-777","1":"product","2":"type-product","3":"status-publish","4":"has-post-thumbnail","6":"product_cat-histori","7":"description-off","9":"first","10":"instock","11":"shipping-taxable","12":"product-type-simple"},"_links":{"self":[{"href":"https:\/\/kad.al\/index.php\/wp-json\/wp\/v2\/product\/777","targetHints":{"allow":["GET"]}}],"collection":[{"href":"https:\/\/kad.al\/index.php\/wp-json\/wp\/v2\/product"}],"about":[{"href":"https:\/\/kad.al\/index.php\/wp-json\/wp\/v2\/types\/product"}],"wp:featuredmedia":[{"embeddable":true,"href":"https:\/\/kad.al\/index.php\/wp-json\/wp\/v2\/media\/778"}],"wp:attachment":[{"href":"https:\/\/kad.al\/index.php\/wp-json\/wp\/v2\/media?parent=777"}],"wp:term":[{"taxonomy":"product_brand","embeddable":true,"href":"https:\/\/kad.al\/index.php\/wp-json\/wp\/v2\/product_brand?post=777"},{"taxonomy":"product_cat","embeddable":true,"href":"https:\/\/kad.al\/index.php\/wp-json\/wp\/v2\/product_cat?post=777"},{"taxonomy":"product_tag","embeddable":true,"href":"https:\/\/kad.al\/index.php\/wp-json\/wp\/v2\/product_tag?post=777"}],"curies":[{"name":"wp","href":"https:\/\/api.w.org\/{rel}","templated":true}]}}