{"id":774,"date":"2020-07-10T14:11:11","date_gmt":"2020-07-10T14:11:11","guid":{"rendered":"https:\/\/kad.al\/?post_type=product&#038;p=774"},"modified":"2025-07-07T08:59:45","modified_gmt":"2025-07-07T08:59:45","slug":"nje-histori-shkodrane","status":"publish","type":"product","link":"https:\/\/kad.al\/index.php\/product\/nje-histori-shkodrane\/","title":{"rendered":"NJ\u00cb HISTORI SHKODRANE"},"content":{"rendered":"","protected":false},"excerpt":{"rendered":"<p><strong>NJ\u00cb HISTORI SHKODRANE<\/strong><\/p>\n<p><b><i>Paolo Muner<\/i><\/b><\/p>\n<p>ISBN 978-9928-189-93-6<\/p>\n<p>\u00c7mimi 800 Lek\u00eb<\/p>\n<p>Historia e largimit t\u00eb flot\u00ebs ulqinake drejt Shkodr\u00ebs n\u00eb prag t\u00eb Shpalljes s\u00eb Pavar\u00ebsis\u00eb s\u00eb Shqip\u00ebris\u00eb dhe z\u00ebvend\u00ebsimi i flamurit turk t\u00eb k\u00ebtyre anijeve me flamurin e ri shqiptar.<\/p>\n","protected":false},"featured_media":775,"template":"","meta":[],"product_brand":[],"product_cat":[22],"product_tag":[],"class_list":{"0":"post-774","1":"product","2":"type-product","3":"status-publish","4":"has-post-thumbnail","6":"product_cat-histori","7":"description-off","9":"first","10":"instock","11":"shipping-taxable","12":"product-type-simple"},"_links":{"self":[{"href":"https:\/\/kad.al\/index.php\/wp-json\/wp\/v2\/product\/774","targetHints":{"allow":["GET"]}}],"collection":[{"href":"https:\/\/kad.al\/index.php\/wp-json\/wp\/v2\/product"}],"about":[{"href":"https:\/\/kad.al\/index.php\/wp-json\/wp\/v2\/types\/product"}],"wp:featuredmedia":[{"embeddable":true,"href":"https:\/\/kad.al\/index.php\/wp-json\/wp\/v2\/media\/775"}],"wp:attachment":[{"href":"https:\/\/kad.al\/index.php\/wp-json\/wp\/v2\/media?parent=774"}],"wp:term":[{"taxonomy":"product_brand","embeddable":true,"href":"https:\/\/kad.al\/index.php\/wp-json\/wp\/v2\/product_brand?post=774"},{"taxonomy":"product_cat","embeddable":true,"href":"https:\/\/kad.al\/index.php\/wp-json\/wp\/v2\/product_cat?post=774"},{"taxonomy":"product_tag","embeddable":true,"href":"https:\/\/kad.al\/index.php\/wp-json\/wp\/v2\/product_tag?post=774"}],"curies":[{"name":"wp","href":"https:\/\/api.w.org\/{rel}","templated":true}]}}