{"id":771,"date":"2020-07-10T13:58:15","date_gmt":"2020-07-10T13:58:15","guid":{"rendered":"https:\/\/kad.al\/?post_type=product&#038;p=771"},"modified":"2025-07-07T08:46:24","modified_gmt":"2025-07-07T08:46:24","slug":"dy-bredharake-ne-shqiperi","status":"publish","type":"product","link":"https:\/\/kad.al\/index.php\/product\/dy-bredharake-ne-shqiperi\/","title":{"rendered":"DY BREDHARAK\u00cb N\u00cb SHQIP\u00cbRI"},"content":{"rendered":"","protected":false},"excerpt":{"rendered":"<p><strong>DY BREDHARAK\u00cb N\u00cb SHQIP\u00cbRI<\/strong><\/p>\n<p><strong><em>Jan &amp; Cora J. Gordon<\/em><\/strong><\/p>\n<p>ISBN 978-9928-189-14-1<\/p>\n<p>\u00c7mimi 900 Lek\u00eb<\/p>\n<p>P\u00ebrshkrimi i udh\u00ebtimit n\u00eb Shqip\u00ebri n\u00eb vitin 1925 nga dy shkrimtar\u00ebt Jan &amp; Cora J. Gordon<\/p>\n","protected":false},"featured_media":772,"template":"","meta":[],"product_brand":[],"product_cat":[22],"product_tag":[],"class_list":{"0":"post-771","1":"product","2":"type-product","3":"status-publish","4":"has-post-thumbnail","6":"product_cat-histori","7":"description-off","9":"first","10":"instock","11":"shipping-taxable","12":"product-type-simple"},"_links":{"self":[{"href":"https:\/\/kad.al\/index.php\/wp-json\/wp\/v2\/product\/771","targetHints":{"allow":["GET"]}}],"collection":[{"href":"https:\/\/kad.al\/index.php\/wp-json\/wp\/v2\/product"}],"about":[{"href":"https:\/\/kad.al\/index.php\/wp-json\/wp\/v2\/types\/product"}],"wp:featuredmedia":[{"embeddable":true,"href":"https:\/\/kad.al\/index.php\/wp-json\/wp\/v2\/media\/772"}],"wp:attachment":[{"href":"https:\/\/kad.al\/index.php\/wp-json\/wp\/v2\/media?parent=771"}],"wp:term":[{"taxonomy":"product_brand","embeddable":true,"href":"https:\/\/kad.al\/index.php\/wp-json\/wp\/v2\/product_brand?post=771"},{"taxonomy":"product_cat","embeddable":true,"href":"https:\/\/kad.al\/index.php\/wp-json\/wp\/v2\/product_cat?post=771"},{"taxonomy":"product_tag","embeddable":true,"href":"https:\/\/kad.al\/index.php\/wp-json\/wp\/v2\/product_tag?post=771"}],"curies":[{"name":"wp","href":"https:\/\/api.w.org\/{rel}","templated":true}]}}