{"id":766,"date":"2020-07-10T13:46:45","date_gmt":"2020-07-10T13:46:45","guid":{"rendered":"https:\/\/kad.al\/?post_type=product&#038;p=766"},"modified":"2020-07-17T10:04:34","modified_gmt":"2020-07-17T10:04:34","slug":"poliekti-vdekja-e-pompeut-genjeshtari-nikomedi","status":"publish","type":"product","link":"https:\/\/kad.al\/index.php\/product\/poliekti-vdekja-e-pompeut-genjeshtari-nikomedi\/","title":{"rendered":"POLIEKTI, VDEKJA E POMPEUT, G\u00cbNJESHTARI, NIKOMEDI"},"content":{"rendered":"","protected":false},"excerpt":{"rendered":"<p><strong>Volumi II\u00a0 &#8211; POLIEKTI, VDEKJA E POMPEUT, G\u00cbNJESHTARI, NIKOMEDI<\/strong><\/p>\n<p><strong>Pierre Cornei<\/strong><strong>lle<\/strong><\/p>\n<p>ISBN 978 -9928 -189 &#8211; 09 &#8211; 7<\/p>\n<p>\u00c7mimi 1000 Lek\u00eb \/ 8\u00a0\u20ac<\/p>\n<p>Volumi II nga Pierre Corneille me kat\u00ebr pjes\u00eb t\u00eb tjera.<\/p>\n<p>Gjerdani i p\u00ebrkthimeve t\u00eb\u00a0Prokop M. Gjergo.<\/p>\n","protected":false},"featured_media":767,"template":"","meta":[],"product_brand":[],"product_cat":[27],"product_tag":[],"class_list":{"0":"post-766","1":"product","2":"type-product","3":"status-publish","4":"has-post-thumbnail","6":"product_cat-letersia-klasike","7":"description-off","9":"first","10":"instock","11":"shipping-taxable","12":"product-type-simple"},"_links":{"self":[{"href":"https:\/\/kad.al\/index.php\/wp-json\/wp\/v2\/product\/766","targetHints":{"allow":["GET"]}}],"collection":[{"href":"https:\/\/kad.al\/index.php\/wp-json\/wp\/v2\/product"}],"about":[{"href":"https:\/\/kad.al\/index.php\/wp-json\/wp\/v2\/types\/product"}],"wp:featuredmedia":[{"embeddable":true,"href":"https:\/\/kad.al\/index.php\/wp-json\/wp\/v2\/media\/767"}],"wp:attachment":[{"href":"https:\/\/kad.al\/index.php\/wp-json\/wp\/v2\/media?parent=766"}],"wp:term":[{"taxonomy":"product_brand","embeddable":true,"href":"https:\/\/kad.al\/index.php\/wp-json\/wp\/v2\/product_brand?post=766"},{"taxonomy":"product_cat","embeddable":true,"href":"https:\/\/kad.al\/index.php\/wp-json\/wp\/v2\/product_cat?post=766"},{"taxonomy":"product_tag","embeddable":true,"href":"https:\/\/kad.al\/index.php\/wp-json\/wp\/v2\/product_tag?post=766"}],"curies":[{"name":"wp","href":"https:\/\/api.w.org\/{rel}","templated":true}]}}