{"id":763,"date":"2020-07-10T13:29:02","date_gmt":"2020-07-10T13:29:02","guid":{"rendered":"https:\/\/kad.al\/?post_type=product&#038;p=763"},"modified":"2020-07-17T10:05:16","modified_gmt":"2020-07-17T10:05:16","slug":"sidi-horasi-rodogyna-sina-ose-meshira-e-augustit","status":"publish","type":"product","link":"https:\/\/kad.al\/index.php\/product\/sidi-horasi-rodogyna-sina-ose-meshira-e-augustit\/","title":{"rendered":"SIDI, HORASI, RODOGYNA, SINA OSE M\u00cbSHIRA E AUGUSTIT"},"content":{"rendered":"","protected":false},"excerpt":{"rendered":"<p><strong>Volumi I\u00a0 &#8211;\u00a0SIDI, HORASI, RODOGYNA, SINA OSE M\u00cbSHIRA E AUGUSTIT<\/strong><\/p>\n<p><strong>Pierre Cornei<\/strong><strong>lle<\/strong><\/p>\n<p>ISBN 978-9928-189-08-0<\/p>\n<p>\u00c7mimi 1000 Lek\u00eb \/ 8 \u20ac<\/p>\n<p>Volumi I nga Pierre Corneille me kat\u00ebr pjes\u00eb t\u00eb ndryshme.<\/p>\n<p>Gjerdani i p\u00ebrkthimeve t\u00eb\u00a0Prokop M. Gjergo.<\/p>\n","protected":false},"featured_media":764,"template":"","meta":[],"product_brand":[],"product_cat":[27],"product_tag":[],"class_list":{"0":"post-763","1":"product","2":"type-product","3":"status-publish","4":"has-post-thumbnail","6":"product_cat-letersia-klasike","7":"description-off","9":"first","10":"instock","11":"shipping-taxable","12":"product-type-simple"},"_links":{"self":[{"href":"https:\/\/kad.al\/index.php\/wp-json\/wp\/v2\/product\/763","targetHints":{"allow":["GET"]}}],"collection":[{"href":"https:\/\/kad.al\/index.php\/wp-json\/wp\/v2\/product"}],"about":[{"href":"https:\/\/kad.al\/index.php\/wp-json\/wp\/v2\/types\/product"}],"wp:featuredmedia":[{"embeddable":true,"href":"https:\/\/kad.al\/index.php\/wp-json\/wp\/v2\/media\/764"}],"wp:attachment":[{"href":"https:\/\/kad.al\/index.php\/wp-json\/wp\/v2\/media?parent=763"}],"wp:term":[{"taxonomy":"product_brand","embeddable":true,"href":"https:\/\/kad.al\/index.php\/wp-json\/wp\/v2\/product_brand?post=763"},{"taxonomy":"product_cat","embeddable":true,"href":"https:\/\/kad.al\/index.php\/wp-json\/wp\/v2\/product_cat?post=763"},{"taxonomy":"product_tag","embeddable":true,"href":"https:\/\/kad.al\/index.php\/wp-json\/wp\/v2\/product_tag?post=763"}],"curies":[{"name":"wp","href":"https:\/\/api.w.org\/{rel}","templated":true}]}}