{"id":520,"date":"2020-07-06T15:30:30","date_gmt":"2020-07-06T15:30:30","guid":{"rendered":"https:\/\/kad.al\/?post_type=product&#038;p=520"},"modified":"2020-07-17T10:16:13","modified_gmt":"2020-07-17T10:16:13","slug":"arti-poetik-satira-epistolare","status":"publish","type":"product","link":"https:\/\/kad.al\/index.php\/product\/arti-poetik-satira-epistolare\/","title":{"rendered":"ARTI POETIK SATIRA EPISTOLARE"},"content":{"rendered":"","protected":false},"excerpt":{"rendered":"<p><strong>ARTI POETIK\u00a0<\/strong><strong>SATIRA EPISTOLARE<\/strong><\/p>\n<p><strong><em>Nikola Bualo<\/em><\/strong><\/p>\n<p>ISBN 978 &#8211; 9928 &#8211; 4128 &#8211; 7 &#8211; 4<\/p>\n<p>\u00c7mimi 600 Lek\u00eb \/ 5\u00a0\u20ac<\/p>\n<p>P\u00ebr t\u00eb gjith\u00eb admiruesit e let\u00ebrsis\u00eb klasike\u00a0vjen n\u00eb shqip vepra e t\u00eb mir\u00ebnjohurit Nikola Bualo.<\/p>\n<p>Gjerdani i p\u00ebrkthimeve t\u00eb\u00a0Prokop M. Gjergo.<\/p>\n","protected":false},"featured_media":463,"template":"","meta":[],"product_brand":[],"product_cat":[27],"product_tag":[],"class_list":{"0":"post-520","1":"product","2":"type-product","3":"status-publish","4":"has-post-thumbnail","6":"product_cat-letersia-klasike","7":"description-off","9":"first","10":"instock","11":"shipping-taxable","12":"product-type-simple"},"_links":{"self":[{"href":"https:\/\/kad.al\/index.php\/wp-json\/wp\/v2\/product\/520","targetHints":{"allow":["GET"]}}],"collection":[{"href":"https:\/\/kad.al\/index.php\/wp-json\/wp\/v2\/product"}],"about":[{"href":"https:\/\/kad.al\/index.php\/wp-json\/wp\/v2\/types\/product"}],"wp:featuredmedia":[{"embeddable":true,"href":"https:\/\/kad.al\/index.php\/wp-json\/wp\/v2\/media\/463"}],"wp:attachment":[{"href":"https:\/\/kad.al\/index.php\/wp-json\/wp\/v2\/media?parent=520"}],"wp:term":[{"taxonomy":"product_brand","embeddable":true,"href":"https:\/\/kad.al\/index.php\/wp-json\/wp\/v2\/product_brand?post=520"},{"taxonomy":"product_cat","embeddable":true,"href":"https:\/\/kad.al\/index.php\/wp-json\/wp\/v2\/product_cat?post=520"},{"taxonomy":"product_tag","embeddable":true,"href":"https:\/\/kad.al\/index.php\/wp-json\/wp\/v2\/product_tag?post=520"}],"curies":[{"name":"wp","href":"https:\/\/api.w.org\/{rel}","templated":true}]}}