{"id":519,"date":"2020-07-06T15:29:24","date_gmt":"2020-07-06T15:29:24","guid":{"rendered":"https:\/\/kad.al\/?post_type=product&#038;p=519"},"modified":"2020-09-08T09:33:36","modified_gmt":"2020-09-08T09:33:36","slug":"durresi-ne-levizjen-kombetare-shqiptare","status":"publish","type":"product","link":"https:\/\/kad.al\/index.php\/product\/durresi-ne-levizjen-kombetare-shqiptare\/","title":{"rendered":"DURR\u00cbSI N\u00cb L\u00cbVIZJEN  KOMB\u00cbTARE SHQIPTARE"},"content":{"rendered":"","protected":false},"excerpt":{"rendered":"<p><strong>DURR\u00cbSI N\u00cb L\u00cbVIZJEN\u00a0KOMB\u00cbTARE SHQIPTARE<\/strong><\/p>\n<p><strong><em>Sali Hidri<\/em><\/strong><\/p>\n<p>ISBN 978 &#8211; 9928 &#8211; 4128 &#8211; 0 &#8211; 5<\/p>\n<p>\u00c7mimi 2000 Lek\u00eb \/ 17\u00a0\u20ac<\/p>\n<p>Me rastin e 100 vjetorit t\u00eb shtetit shqiptar, autori Sali Hidri na sjell k\u00ebt\u00eb album ku pasqyrohet\u00a0kontributi i patriot\u00ebve durrsak\u00eb n\u00eb l\u00ebvizjen komb\u00ebtare.<\/p>\n","protected":false},"featured_media":458,"template":"","meta":[],"product_brand":[],"product_cat":[26],"product_tag":[],"class_list":{"0":"post-519","1":"product","2":"type-product","3":"status-publish","4":"has-post-thumbnail","6":"product_cat-fjalore-albume","7":"description-off","9":"first","10":"instock","11":"shipping-taxable","12":"product-type-simple"},"_links":{"self":[{"href":"https:\/\/kad.al\/index.php\/wp-json\/wp\/v2\/product\/519","targetHints":{"allow":["GET"]}}],"collection":[{"href":"https:\/\/kad.al\/index.php\/wp-json\/wp\/v2\/product"}],"about":[{"href":"https:\/\/kad.al\/index.php\/wp-json\/wp\/v2\/types\/product"}],"wp:featuredmedia":[{"embeddable":true,"href":"https:\/\/kad.al\/index.php\/wp-json\/wp\/v2\/media\/458"}],"wp:attachment":[{"href":"https:\/\/kad.al\/index.php\/wp-json\/wp\/v2\/media?parent=519"}],"wp:term":[{"taxonomy":"product_brand","embeddable":true,"href":"https:\/\/kad.al\/index.php\/wp-json\/wp\/v2\/product_brand?post=519"},{"taxonomy":"product_cat","embeddable":true,"href":"https:\/\/kad.al\/index.php\/wp-json\/wp\/v2\/product_cat?post=519"},{"taxonomy":"product_tag","embeddable":true,"href":"https:\/\/kad.al\/index.php\/wp-json\/wp\/v2\/product_tag?post=519"}],"curies":[{"name":"wp","href":"https:\/\/api.w.org\/{rel}","templated":true}]}}