{"id":518,"date":"2020-07-06T15:28:04","date_gmt":"2020-07-06T15:28:04","guid":{"rendered":"https:\/\/kad.al\/?post_type=product&#038;p=518"},"modified":"2020-07-06T15:29:16","modified_gmt":"2020-07-06T15:29:16","slug":"fjalor-etimologjik-i-gjuhes-shqipe","status":"publish","type":"product","link":"https:\/\/kad.al\/index.php\/product\/fjalor-etimologjik-i-gjuhes-shqipe\/","title":{"rendered":"FJALOR ETIMOLOGJIK I GJUH\u00cbS SHQIPE"},"content":{"rendered":"","protected":false},"excerpt":{"rendered":"<p><strong>FJALOR ETIMOLOGJIK\u00a0<\/strong><strong>I GJUH\u00cbS SHQIPE<\/strong><\/p>\n<p><strong><em>Prof. Kolec Topalli<\/em><\/strong><\/p>\n<p>ISBN 978 &#8211; 9928 &#8211; 241 &#8211; 33 &#8211; 7<\/p>\n<p>\u00c7mimi 5000 Lek\u00eb \/ 40 \u20ac<\/p>\n<p>Vepra m\u00eb e r\u00ebnd\u00ebsishme e Prof. Kolec Topallit. Nj\u00eb fjalor q\u00eb nuk duhet t&#8217;i mungoj\u00eb bibliotekave tona.<\/p>\n","protected":false},"featured_media":467,"template":"","meta":[],"product_brand":[],"product_cat":[26],"product_tag":[],"class_list":{"0":"post-518","1":"product","2":"type-product","3":"status-publish","4":"has-post-thumbnail","6":"product_cat-fjalore-albume","7":"description-off","9":"first","10":"instock","11":"shipping-taxable","12":"product-type-simple"},"_links":{"self":[{"href":"https:\/\/kad.al\/index.php\/wp-json\/wp\/v2\/product\/518","targetHints":{"allow":["GET"]}}],"collection":[{"href":"https:\/\/kad.al\/index.php\/wp-json\/wp\/v2\/product"}],"about":[{"href":"https:\/\/kad.al\/index.php\/wp-json\/wp\/v2\/types\/product"}],"wp:featuredmedia":[{"embeddable":true,"href":"https:\/\/kad.al\/index.php\/wp-json\/wp\/v2\/media\/467"}],"wp:attachment":[{"href":"https:\/\/kad.al\/index.php\/wp-json\/wp\/v2\/media?parent=518"}],"wp:term":[{"taxonomy":"product_brand","embeddable":true,"href":"https:\/\/kad.al\/index.php\/wp-json\/wp\/v2\/product_brand?post=518"},{"taxonomy":"product_cat","embeddable":true,"href":"https:\/\/kad.al\/index.php\/wp-json\/wp\/v2\/product_cat?post=518"},{"taxonomy":"product_tag","embeddable":true,"href":"https:\/\/kad.al\/index.php\/wp-json\/wp\/v2\/product_tag?post=518"}],"curies":[{"name":"wp","href":"https:\/\/api.w.org\/{rel}","templated":true}]}}