{"id":517,"date":"2020-07-06T15:26:30","date_gmt":"2020-07-06T15:26:30","guid":{"rendered":"https:\/\/kad.al\/?post_type=product&#038;p=517"},"modified":"2020-07-17T10:18:03","modified_gmt":"2020-07-17T10:18:03","slug":"fryresi-i-endrrave","status":"publish","type":"product","link":"https:\/\/kad.al\/index.php\/product\/fryresi-i-endrrave\/","title":{"rendered":"FRYR\u00cbSI I \u00cbNDRRAVE"},"content":{"rendered":"","protected":false},"excerpt":{"rendered":"<p><strong>FRYR\u00cbSI I \u00cbNDRRAVE<\/strong><\/p>\n<p><strong><em>Bernard Villiot<br \/>\n<\/em><\/strong>me ilustrime nga<\/p>\n<p><strong><em>Thibault Prugue<\/em><\/strong><\/p>\n<p>ISBN 978 &#8211; 9928 &#8211; 241 &#8211; 29 &#8211; 5<\/p>\n<p>\u00c7mimi 500 Lek\u00eb \/ 4\u00a0\u20ac<\/p>\n<p>Nj\u00eb histori e jasht\u00ebzakonshme plot fantazi p\u00ebr f\u00ebmij\u00eb.<\/p>\n<p>Libri shoq\u00ebrohet me ilustrime.<\/p>\n","protected":false},"featured_media":459,"template":"","meta":[],"product_brand":[],"product_cat":[25],"product_tag":[],"class_list":{"0":"post-517","1":"product","2":"type-product","3":"status-publish","4":"has-post-thumbnail","6":"product_cat-letersi-per-femije-dhe-te-rinj","7":"description-off","9":"first","10":"instock","11":"shipping-taxable","12":"product-type-simple"},"_links":{"self":[{"href":"https:\/\/kad.al\/index.php\/wp-json\/wp\/v2\/product\/517","targetHints":{"allow":["GET"]}}],"collection":[{"href":"https:\/\/kad.al\/index.php\/wp-json\/wp\/v2\/product"}],"about":[{"href":"https:\/\/kad.al\/index.php\/wp-json\/wp\/v2\/types\/product"}],"wp:featuredmedia":[{"embeddable":true,"href":"https:\/\/kad.al\/index.php\/wp-json\/wp\/v2\/media\/459"}],"wp:attachment":[{"href":"https:\/\/kad.al\/index.php\/wp-json\/wp\/v2\/media?parent=517"}],"wp:term":[{"taxonomy":"product_brand","embeddable":true,"href":"https:\/\/kad.al\/index.php\/wp-json\/wp\/v2\/product_brand?post=517"},{"taxonomy":"product_cat","embeddable":true,"href":"https:\/\/kad.al\/index.php\/wp-json\/wp\/v2\/product_cat?post=517"},{"taxonomy":"product_tag","embeddable":true,"href":"https:\/\/kad.al\/index.php\/wp-json\/wp\/v2\/product_tag?post=517"}],"curies":[{"name":"wp","href":"https:\/\/api.w.org\/{rel}","templated":true}]}}