{"id":516,"date":"2020-07-06T15:24:47","date_gmt":"2020-07-06T15:24:47","guid":{"rendered":"https:\/\/kad.al\/?post_type=product&#038;p=516"},"modified":"2021-03-23T09:34:24","modified_gmt":"2021-03-23T09:34:24","slug":"libri-i-xhungles","status":"publish","type":"product","link":"https:\/\/kad.al\/index.php\/product\/libri-i-xhungles\/","title":{"rendered":"LIBRI I XHUNGL\u00cbS"},"content":{"rendered":"","protected":false},"excerpt":{"rendered":"<p><strong>LIBRI I XHUNGL\u00cbS<\/strong><\/p>\n<p><strong><em>Veronique Ovald\u00e8<\/em><\/strong><\/p>\n<p>ISBN 978 &#8211; 9928 &#8211; 241 &#8211; 01 -5<\/p>\n<p>\u00c7mimi 300 Lek\u00eb \/ 3\u00a0\u20ac<\/p>\n<p>Faqe 24<\/p>\n<p>Botimet Jozef sjell p\u00ebr lexuesit e vegj\u00ebl nj\u00eb nga kryeveprat e let\u00ebrsis\u00eb p\u00ebr f\u00ebmij\u00eb, \u201cLibri e xhungl\u00ebs\u201d\u00a0p\u00ebrshtatur p\u00ebr m\u00eb t\u00eb vegjlit nga Veronique Ovald\u00e8. Me ilustrime.<\/p>\n","protected":false},"featured_media":460,"template":"","meta":[],"product_brand":[],"product_cat":[25],"product_tag":[],"class_list":{"0":"post-516","1":"product","2":"type-product","3":"status-publish","4":"has-post-thumbnail","6":"product_cat-letersi-per-femije-dhe-te-rinj","7":"description-off","9":"first","10":"instock","11":"shipping-taxable","12":"product-type-simple"},"_links":{"self":[{"href":"https:\/\/kad.al\/index.php\/wp-json\/wp\/v2\/product\/516","targetHints":{"allow":["GET"]}}],"collection":[{"href":"https:\/\/kad.al\/index.php\/wp-json\/wp\/v2\/product"}],"about":[{"href":"https:\/\/kad.al\/index.php\/wp-json\/wp\/v2\/types\/product"}],"wp:featuredmedia":[{"embeddable":true,"href":"https:\/\/kad.al\/index.php\/wp-json\/wp\/v2\/media\/460"}],"wp:attachment":[{"href":"https:\/\/kad.al\/index.php\/wp-json\/wp\/v2\/media?parent=516"}],"wp:term":[{"taxonomy":"product_brand","embeddable":true,"href":"https:\/\/kad.al\/index.php\/wp-json\/wp\/v2\/product_brand?post=516"},{"taxonomy":"product_cat","embeddable":true,"href":"https:\/\/kad.al\/index.php\/wp-json\/wp\/v2\/product_cat?post=516"},{"taxonomy":"product_tag","embeddable":true,"href":"https:\/\/kad.al\/index.php\/wp-json\/wp\/v2\/product_tag?post=516"}],"curies":[{"name":"wp","href":"https:\/\/api.w.org\/{rel}","templated":true}]}}