{"id":514,"date":"2020-07-06T15:17:43","date_gmt":"2020-07-06T15:17:43","guid":{"rendered":"https:\/\/kad.al\/?post_type=product&#038;p=514"},"modified":"2025-07-10T14:11:26","modified_gmt":"2025-07-10T14:11:26","slug":"antologji-e-poeteve-rumune-te-shek-xx","status":"publish","type":"product","link":"https:\/\/kad.al\/index.php\/product\/antologji-e-poeteve-rumune-te-shek-xx\/","title":{"rendered":"ANTOLOGJI E POET\u00cbVE RUMUN\u00cb T\u00cb SHEK. XX"},"content":{"rendered":"","protected":false},"excerpt":{"rendered":"<p><strong>ANTOLOGJI E POET\u00cbVE\u00a0<\/strong><strong>RUMUN\u00cb T\u00cb SHEK. XX<\/strong><\/p>\n<p>ISBN 978-9928-189-65-3<\/p>\n<p>\u00c7mimi 600 Lek\u00eb<\/p>\n<p>Nj\u00eb p\u00ebrmbledhje poezish nga autor\u00ebt m\u00eb t\u00eb njohur rumun\u00eb t\u00eb shekullit t\u00eb kaluar, p\u00ebrfshir\u00eb edhe shqiptarin Viktor Eftimiu.<\/p>\n<p>P\u00ebrkthyer nga Met Gjergji<\/p>\n<p>&nbsp;<\/p>\n","protected":false},"featured_media":465,"template":"","meta":[],"product_brand":[],"product_cat":[24],"product_tag":[],"class_list":{"0":"post-514","1":"product","2":"type-product","3":"status-publish","4":"has-post-thumbnail","6":"product_cat-poezi","7":"description-off","9":"first","10":"instock","11":"shipping-taxable","12":"product-type-simple"},"_links":{"self":[{"href":"https:\/\/kad.al\/index.php\/wp-json\/wp\/v2\/product\/514","targetHints":{"allow":["GET"]}}],"collection":[{"href":"https:\/\/kad.al\/index.php\/wp-json\/wp\/v2\/product"}],"about":[{"href":"https:\/\/kad.al\/index.php\/wp-json\/wp\/v2\/types\/product"}],"wp:featuredmedia":[{"embeddable":true,"href":"https:\/\/kad.al\/index.php\/wp-json\/wp\/v2\/media\/465"}],"wp:attachment":[{"href":"https:\/\/kad.al\/index.php\/wp-json\/wp\/v2\/media?parent=514"}],"wp:term":[{"taxonomy":"product_brand","embeddable":true,"href":"https:\/\/kad.al\/index.php\/wp-json\/wp\/v2\/product_brand?post=514"},{"taxonomy":"product_cat","embeddable":true,"href":"https:\/\/kad.al\/index.php\/wp-json\/wp\/v2\/product_cat?post=514"},{"taxonomy":"product_tag","embeddable":true,"href":"https:\/\/kad.al\/index.php\/wp-json\/wp\/v2\/product_tag?post=514"}],"curies":[{"name":"wp","href":"https:\/\/api.w.org\/{rel}","templated":true}]}}