{"id":513,"date":"2020-07-06T15:11:22","date_gmt":"2020-07-06T15:11:22","guid":{"rendered":"https:\/\/kad.al\/?post_type=product&#038;p=513"},"modified":"2025-07-08T06:53:50","modified_gmt":"2025-07-08T06:53:50","slug":"nje-dimer-mes-dimrash","status":"publish","type":"product","link":"https:\/\/kad.al\/index.php\/product\/nje-dimer-mes-dimrash\/","title":{"rendered":"NJ\u00cb DIM\u00cbR MES DIMRASH"},"content":{"rendered":"","protected":false},"excerpt":{"rendered":"<p><strong>NJ\u00cb DIM\u00cbR MES DIMRASH<\/strong><\/p>\n<p><strong><em>V<\/em><\/strong><strong><em>aso Papaj<\/em><\/strong><\/p>\n<p>ISBN 978-9928-416-48-3<\/p>\n<p>\u00c7mimi 1500 Lek\u00eb<\/p>\n<p>&#8220;Nj\u00eb dim\u00ebr mes dimrash&#8221; \u00ebsht\u00eb roman\u00a0autobiografik i autorit Vaso Papaj.<\/p>\n<p>N\u00eb t\u00eb p\u00ebrshkruhen peripecit\u00eb e rinis\u00eb s\u00eb tij gjat\u00eb periudh\u00ebs s\u00eb sundimit komunist n\u00eb Shqip\u00ebri.<\/p>\n","protected":false},"featured_media":457,"template":"","meta":[],"product_brand":[],"product_cat":[23],"product_tag":[],"class_list":{"0":"post-513","1":"product","2":"type-product","3":"status-publish","4":"has-post-thumbnail","6":"product_cat-romane-tregime-novela","7":"description-off","9":"first","10":"instock","11":"shipping-taxable","12":"product-type-simple"},"_links":{"self":[{"href":"https:\/\/kad.al\/index.php\/wp-json\/wp\/v2\/product\/513","targetHints":{"allow":["GET"]}}],"collection":[{"href":"https:\/\/kad.al\/index.php\/wp-json\/wp\/v2\/product"}],"about":[{"href":"https:\/\/kad.al\/index.php\/wp-json\/wp\/v2\/types\/product"}],"wp:featuredmedia":[{"embeddable":true,"href":"https:\/\/kad.al\/index.php\/wp-json\/wp\/v2\/media\/457"}],"wp:attachment":[{"href":"https:\/\/kad.al\/index.php\/wp-json\/wp\/v2\/media?parent=513"}],"wp:term":[{"taxonomy":"product_brand","embeddable":true,"href":"https:\/\/kad.al\/index.php\/wp-json\/wp\/v2\/product_brand?post=513"},{"taxonomy":"product_cat","embeddable":true,"href":"https:\/\/kad.al\/index.php\/wp-json\/wp\/v2\/product_cat?post=513"},{"taxonomy":"product_tag","embeddable":true,"href":"https:\/\/kad.al\/index.php\/wp-json\/wp\/v2\/product_tag?post=513"}],"curies":[{"name":"wp","href":"https:\/\/api.w.org\/{rel}","templated":true}]}}