{"id":511,"date":"2020-07-06T15:01:59","date_gmt":"2020-07-06T15:01:59","guid":{"rendered":"https:\/\/kad.al\/?post_type=product&#038;p=511"},"modified":"2025-07-07T09:01:29","modified_gmt":"2025-07-07T09:01:29","slug":"pirro","status":"publish","type":"product","link":"https:\/\/kad.al\/index.php\/product\/pirro\/","title":{"rendered":"PIRRO"},"content":{"rendered":"","protected":false},"excerpt":{"rendered":"<p><strong>PIRRO<\/strong><\/p>\n<p><strong><em>Jacob Abbott<\/em><\/strong><\/p>\n<p>ISBN 978 &#8211; 9928 &#8211; 189 &#8211; 80 &#8211; 6<\/p>\n<p>\u00c7mimi 800 Lek\u00eb<\/p>\n<p>Faqe 156<\/p>\n<p>Historia e Pirros s\u00eb Epirit, treguar nga autori amerikan J.Abbott n\u00eb ciklin &#8220;Njer\u00ebzit q\u00eb b\u00ebn\u00eb historin\u00eb&#8221;.<\/p>\n","protected":false},"featured_media":464,"template":"","meta":[],"product_brand":[],"product_cat":[22],"product_tag":[],"class_list":{"0":"post-511","1":"product","2":"type-product","3":"status-publish","4":"has-post-thumbnail","6":"product_cat-histori","7":"description-off","9":"first","10":"instock","11":"shipping-taxable","12":"product-type-simple"},"_links":{"self":[{"href":"https:\/\/kad.al\/index.php\/wp-json\/wp\/v2\/product\/511","targetHints":{"allow":["GET"]}}],"collection":[{"href":"https:\/\/kad.al\/index.php\/wp-json\/wp\/v2\/product"}],"about":[{"href":"https:\/\/kad.al\/index.php\/wp-json\/wp\/v2\/types\/product"}],"wp:featuredmedia":[{"embeddable":true,"href":"https:\/\/kad.al\/index.php\/wp-json\/wp\/v2\/media\/464"}],"wp:attachment":[{"href":"https:\/\/kad.al\/index.php\/wp-json\/wp\/v2\/media?parent=511"}],"wp:term":[{"taxonomy":"product_brand","embeddable":true,"href":"https:\/\/kad.al\/index.php\/wp-json\/wp\/v2\/product_brand?post=511"},{"taxonomy":"product_cat","embeddable":true,"href":"https:\/\/kad.al\/index.php\/wp-json\/wp\/v2\/product_cat?post=511"},{"taxonomy":"product_tag","embeddable":true,"href":"https:\/\/kad.al\/index.php\/wp-json\/wp\/v2\/product_tag?post=511"}],"curies":[{"name":"wp","href":"https:\/\/api.w.org\/{rel}","templated":true}]}}