{"id":499,"date":"2020-07-06T10:50:52","date_gmt":"2020-07-06T10:50:52","guid":{"rendered":"https:\/\/kad.al\/?post_type=product&#038;p=499"},"modified":"2025-07-05T08:29:53","modified_gmt":"2025-07-05T08:29:53","slug":"antikomunisti-dhe-misionari","status":"publish","type":"product","link":"https:\/\/kad.al\/index.php\/product\/antikomunisti-dhe-misionari\/","title":{"rendered":"ANTIKOMUNISTI  DHE MISIONARI"},"content":{"rendered":"","protected":false},"excerpt":{"rendered":"<p><strong>ANTIKOMUNISTI\u00a0<\/strong><strong>DHE MISIONARI<\/strong><br \/>\n<strong><em>Nikoll\u00eb Toma<\/em><\/strong><\/p>\n<p>ISBN 978-9928-414-78-6<\/p>\n<p>\u00c7mimi 1000 Lek\u00eb<\/p>\n<p>Libri \u00ebsht\u00eb monografi p\u00ebr patriotin Ndue Pjet\u00ebr Gjomarkajn, kund\u00ebrshtar\u00a0i fort\u00eb i regjimit komunist.<\/p>\n","protected":false},"featured_media":456,"template":"","meta":[],"product_brand":[],"product_cat":[21],"product_tag":[],"class_list":{"0":"post-499","1":"product","2":"type-product","3":"status-publish","4":"has-post-thumbnail","6":"product_cat-studime-shkencore-dhe-monografi","7":"description-off","9":"first","10":"instock","11":"shipping-taxable","12":"product-type-simple"},"_links":{"self":[{"href":"https:\/\/kad.al\/index.php\/wp-json\/wp\/v2\/product\/499","targetHints":{"allow":["GET"]}}],"collection":[{"href":"https:\/\/kad.al\/index.php\/wp-json\/wp\/v2\/product"}],"about":[{"href":"https:\/\/kad.al\/index.php\/wp-json\/wp\/v2\/types\/product"}],"wp:featuredmedia":[{"embeddable":true,"href":"https:\/\/kad.al\/index.php\/wp-json\/wp\/v2\/media\/456"}],"wp:attachment":[{"href":"https:\/\/kad.al\/index.php\/wp-json\/wp\/v2\/media?parent=499"}],"wp:term":[{"taxonomy":"product_brand","embeddable":true,"href":"https:\/\/kad.al\/index.php\/wp-json\/wp\/v2\/product_brand?post=499"},{"taxonomy":"product_cat","embeddable":true,"href":"https:\/\/kad.al\/index.php\/wp-json\/wp\/v2\/product_cat?post=499"},{"taxonomy":"product_tag","embeddable":true,"href":"https:\/\/kad.al\/index.php\/wp-json\/wp\/v2\/product_tag?post=499"}],"curies":[{"name":"wp","href":"https:\/\/api.w.org\/{rel}","templated":true}]}}