{"id":2731,"date":"2026-03-19T10:46:12","date_gmt":"2026-03-19T10:46:12","guid":{"rendered":"https:\/\/kad.al\/?post_type=product&#038;p=2731"},"modified":"2026-03-19T10:55:17","modified_gmt":"2026-03-19T10:55:17","slug":"arbereshet-e-italise-dhe-ceshtja-kombetare-shqiptare","status":"publish","type":"product","link":"https:\/\/kad.al\/index.php\/product\/arbereshet-e-italise-dhe-ceshtja-kombetare-shqiptare\/","title":{"rendered":"ARB\u00cbRESH\u00cbT E ITALIS\u00cb DHE \u00c7\u00cbSHTJA KOMB\u00cbTARE SHQIPTARE"},"content":{"rendered":"","protected":false},"excerpt":{"rendered":"<p><strong>ARB\u00cbRESH\u00cbT E ITALIS\u00cb DHE \u00c7\u00cbSHTJA KOMB\u00cbTARE SHQIPTARE<\/strong><\/p>\n<p><em><strong>Denisa Tare<\/strong><\/em><\/p>\n<p>ISBN 9789928941794<\/p>\n<p>\u00c7mimi 1500 Lek\u00eb<\/p>\n<p>406 Faqe<\/p>\n<p>Ky lib\u00ebr trajton lidhjen midis Arb\u00ebresh\u00ebve t\u00eb Italis\u00eb dhe \u00e7\u00ebshtjes komb\u00ebtare shqiptare n\u00eb periudh\u00ebn nga viti 1818 deri n\u00eb vitin 1912. Arb\u00ebresh\u00ebt jan\u00eb nj\u00eb komunitet etnik shqiptar q\u00eb jeton n\u00eb Itali pas largimit nga Shqip\u00ebria n\u00eb shekullin e 15-t\u00eb pas pushtimit osman. N\u00eb k\u00ebt\u00eb periudh\u00eb, ata ruajt\u00ebn identitetin e tyre shqiptar dhe gjuh\u00ebn shqipe.<\/p>\n","protected":false},"featured_media":2732,"template":"","meta":[],"product_brand":[],"product_cat":[21],"product_tag":[],"class_list":{"0":"post-2731","1":"product","2":"type-product","3":"status-publish","4":"has-post-thumbnail","6":"product_cat-studime-shkencore-dhe-monografi","7":"description-off","9":"first","10":"instock","11":"shipping-taxable","12":"product-type-simple"},"_links":{"self":[{"href":"https:\/\/kad.al\/index.php\/wp-json\/wp\/v2\/product\/2731","targetHints":{"allow":["GET"]}}],"collection":[{"href":"https:\/\/kad.al\/index.php\/wp-json\/wp\/v2\/product"}],"about":[{"href":"https:\/\/kad.al\/index.php\/wp-json\/wp\/v2\/types\/product"}],"wp:featuredmedia":[{"embeddable":true,"href":"https:\/\/kad.al\/index.php\/wp-json\/wp\/v2\/media\/2732"}],"wp:attachment":[{"href":"https:\/\/kad.al\/index.php\/wp-json\/wp\/v2\/media?parent=2731"}],"wp:term":[{"taxonomy":"product_brand","embeddable":true,"href":"https:\/\/kad.al\/index.php\/wp-json\/wp\/v2\/product_brand?post=2731"},{"taxonomy":"product_cat","embeddable":true,"href":"https:\/\/kad.al\/index.php\/wp-json\/wp\/v2\/product_cat?post=2731"},{"taxonomy":"product_tag","embeddable":true,"href":"https:\/\/kad.al\/index.php\/wp-json\/wp\/v2\/product_tag?post=2731"}],"curies":[{"name":"wp","href":"https:\/\/api.w.org\/{rel}","templated":true}]}}