{"id":2694,"date":"2026-02-25T12:49:43","date_gmt":"2026-02-25T12:49:43","guid":{"rendered":"https:\/\/kad.al\/?post_type=product&#038;p=2694"},"modified":"2026-02-25T14:48:48","modified_gmt":"2026-02-25T14:48:48","slug":"shkrime-te-perzgjedhura-albanologji-dhe-publicistike","status":"publish","type":"product","link":"https:\/\/kad.al\/index.php\/product\/shkrime-te-perzgjedhura-albanologji-dhe-publicistike\/","title":{"rendered":"SHKRIME T\u00cb P\u00cbRZGJEDHURA &#8211; Albanologji dhe Publicistik\u00eb"},"content":{"rendered":"","protected":false},"excerpt":{"rendered":"<p>SHKRIME T\u00cb P\u00cbRZGJEDHURA<br \/>\nAlbanologji dhe publicistik\u00eb<\/p>\n<p><strong>Kurt Gostentschnigg<\/strong><\/p>\n<p>ISBN 9789928941688<\/p>\n<p>\u00c7mimi 1800 Lek\u00eb<\/p>\n<p>430 Faqe<\/p>\n<div>\n<div>\n<div>Kurt Gostentschnigg \u00ebsht\u00eb nj\u00eb albanolog dhe studiues austriak i njohur p\u00ebr kontributin e tij n\u00eb studimet mbi gjuh\u00ebn, kultur\u00ebn dhe historin\u00eb shqiptare. Ai ka qen\u00eb studiues n\u00eb Universit\u00e4t Graz (Universiteti i Graz-it), ku ka zhvilluar k\u00ebrkime n\u00eb fush\u00ebn e historis\u00eb dhe albanologjis\u00eb. Ka punuar si lektor p\u00ebr Gjuh\u00ebn Gjermane nga 1993 deri m\u00eb 1995 n\u00eb Fakultetin e Gjuh\u00ebve t\u00eb Huaja t\u00eb Universitetit t\u00eb Tiran\u00ebs, si lektor p\u00ebr Histori nga 1996 deri m\u00eb 2000 n\u00eb Fakultetin e Historis\u00eb dhe Filologjis\u00eb t\u00eb Universitetit t\u00eb Tiran\u00ebs dhe si lektor p\u00ebr Gjuh\u00ebn Gjermane nga 2006 deri m\u00eb 2011 n\u00eb Fakultetin e Gjuh\u00ebve t\u00eb Huaja t\u00eb Universitetit t\u00eb Shkodr\u00ebs.<\/div>\n<div>K\u00ebtu b\u00ebhet fjal\u00eb p\u00ebr nj\u00eb v\u00ebllim t\u00eb r\u00ebnd\u00ebsish\u00ebm q\u00eb sjell n\u00eb shqip p\u00ebrzgjedhje studimesh dhe shkrimesh publicistike, duke hedhur drit\u00eb mbi kontributet e albanolog\u00ebve t\u00eb njohur si August Ritter von Kral, Carl Patsch, Franz Baron Nopcsa, Maximilian Lambertz, Camillo Praschniker dhe Norbert Jokl.<\/div>\n<div>Ky botim p\u00ebrb\u00ebn nj\u00eb kontribut me vler\u00eb p\u00ebr studiuesit, student\u00ebt dhe \u00e7do lexues t\u00eb interesuar p\u00ebr historin\u00eb e albanologjis\u00eb, mendimin shkencor dhe lidhjet kulturore e historike shqiptaro-austriake.<\/div>\n<div>\u00cbsht\u00eb nj\u00eb lib\u00ebr q\u00eb nd\u00ebrthur k\u00ebrkimin shkencor me reflektimin publicistik, duke sjell\u00eb nj\u00eb perspektiv\u00eb t\u00eb thelluar historiko-filozofike mbi \u00e7\u00ebshtjet shqiptare n\u00eb kontekstin evropian e gjeopolitik.<\/div>\n<\/div>\n<div class=\"yj6qo\"><\/div>\n<div class=\"adL\"><\/div>\n<\/div>\n<div class=\"yj6qo\"><\/div>\n<div class=\"adL\"><\/div>\n<p>&nbsp;<\/p>\n<p>&nbsp;<\/p>\n<p>&nbsp;<\/p>\n","protected":false},"featured_media":2695,"template":"","meta":[],"product_brand":[],"product_cat":[26],"product_tag":[],"class_list":{"0":"post-2694","1":"product","2":"type-product","3":"status-publish","4":"has-post-thumbnail","6":"product_cat-fjalore-albume","7":"description-off","9":"first","10":"instock","11":"shipping-taxable","12":"product-type-simple"},"_links":{"self":[{"href":"https:\/\/kad.al\/index.php\/wp-json\/wp\/v2\/product\/2694","targetHints":{"allow":["GET"]}}],"collection":[{"href":"https:\/\/kad.al\/index.php\/wp-json\/wp\/v2\/product"}],"about":[{"href":"https:\/\/kad.al\/index.php\/wp-json\/wp\/v2\/types\/product"}],"wp:featuredmedia":[{"embeddable":true,"href":"https:\/\/kad.al\/index.php\/wp-json\/wp\/v2\/media\/2695"}],"wp:attachment":[{"href":"https:\/\/kad.al\/index.php\/wp-json\/wp\/v2\/media?parent=2694"}],"wp:term":[{"taxonomy":"product_brand","embeddable":true,"href":"https:\/\/kad.al\/index.php\/wp-json\/wp\/v2\/product_brand?post=2694"},{"taxonomy":"product_cat","embeddable":true,"href":"https:\/\/kad.al\/index.php\/wp-json\/wp\/v2\/product_cat?post=2694"},{"taxonomy":"product_tag","embeddable":true,"href":"https:\/\/kad.al\/index.php\/wp-json\/wp\/v2\/product_tag?post=2694"}],"curies":[{"name":"wp","href":"https:\/\/api.w.org\/{rel}","templated":true}]}}