{"id":2652,"date":"2026-01-23T12:00:40","date_gmt":"2026-01-23T12:00:40","guid":{"rendered":"https:\/\/kad.al\/?post_type=product&#038;p=2652"},"modified":"2026-03-06T14:59:19","modified_gmt":"2026-03-06T14:59:19","slug":"isa-boletini-ne-shtypin-e-shkruar-frankofon-dhe-italofon-te-kohes","status":"publish","type":"product","link":"https:\/\/kad.al\/index.php\/product\/isa-boletini-ne-shtypin-e-shkruar-frankofon-dhe-italofon-te-kohes\/","title":{"rendered":"ISA BOLETINI &#8211; N\u00cb SHTYPIN E SHKRUAR  FRANKOFON DHE ITALOFON T\u00cb KOH\u00cbS"},"content":{"rendered":"","protected":false},"excerpt":{"rendered":"<p><strong>ISA BOLETINI &#8211; N\u00cb SHTYPIN E SHKRUAR FRANKOFON DHE ITALOFON T\u00cb KOH\u00cbS<\/strong><\/p>\n<p><em><strong>Aurenc Bebja<\/strong><\/em><\/p>\n<p>ISBN 978-9928-941-29-9<\/p>\n<p>\u00c7mimi 800 Lek\u00eb<\/p>\n<p>Autor i dymb\u00ebdhjet\u00eb veprave monografike dhe studimore, tet\u00eb prej t\u00eb cilave i kushtohen figurave t\u00eb shquara t\u00eb historis\u00eb shqiptare \u2014 Ismail Qemali, Isa Boletini, Aleksand\u00ebr Moisiu, Mid\u2019hat Frash\u00ebri, Faik Konica, Ahmet Zogu dhe Geraldina Apponyi-Zogu \u2014 Aurenc Bebja \u00ebsht\u00eb themelues dhe drejtues i blogut \u201cDars (Klos) Mat \u2013 Albania\u201d q\u00eb prej vitit 2007.<\/p>\n","protected":false},"featured_media":2651,"template":"","meta":[],"product_brand":[],"product_cat":[21],"product_tag":[],"class_list":{"0":"post-2652","1":"product","2":"type-product","3":"status-publish","4":"has-post-thumbnail","6":"product_cat-studime-shkencore-dhe-monografi","7":"description-off","9":"first","10":"instock","11":"shipping-taxable","12":"product-type-simple"},"_links":{"self":[{"href":"https:\/\/kad.al\/index.php\/wp-json\/wp\/v2\/product\/2652","targetHints":{"allow":["GET"]}}],"collection":[{"href":"https:\/\/kad.al\/index.php\/wp-json\/wp\/v2\/product"}],"about":[{"href":"https:\/\/kad.al\/index.php\/wp-json\/wp\/v2\/types\/product"}],"wp:featuredmedia":[{"embeddable":true,"href":"https:\/\/kad.al\/index.php\/wp-json\/wp\/v2\/media\/2651"}],"wp:attachment":[{"href":"https:\/\/kad.al\/index.php\/wp-json\/wp\/v2\/media?parent=2652"}],"wp:term":[{"taxonomy":"product_brand","embeddable":true,"href":"https:\/\/kad.al\/index.php\/wp-json\/wp\/v2\/product_brand?post=2652"},{"taxonomy":"product_cat","embeddable":true,"href":"https:\/\/kad.al\/index.php\/wp-json\/wp\/v2\/product_cat?post=2652"},{"taxonomy":"product_tag","embeddable":true,"href":"https:\/\/kad.al\/index.php\/wp-json\/wp\/v2\/product_tag?post=2652"}],"curies":[{"name":"wp","href":"https:\/\/api.w.org\/{rel}","templated":true}]}}