{"id":2645,"date":"2026-01-22T14:44:02","date_gmt":"2026-01-22T14:44:02","guid":{"rendered":"https:\/\/kad.al\/?post_type=product&#038;p=2645"},"modified":"2026-03-06T15:00:47","modified_gmt":"2026-03-06T15:00:47","slug":"victor-hugo-gjeniu-i-fjalimeve-dhe-korrespondencave-1832-1884","status":"publish","type":"product","link":"https:\/\/kad.al\/index.php\/product\/victor-hugo-gjeniu-i-fjalimeve-dhe-korrespondencave-1832-1884\/","title":{"rendered":"VICTOR HUGO &#8211; GJENIU I FJALIMEVE DHE KORRESPONDENCAVE"},"content":{"rendered":"","protected":false},"excerpt":{"rendered":"<p><strong>VICTOR HUGO &#8211; GJENIU I FJALIMEVE DHE KORRESPONDENCAVE\u00a0<\/strong><\/p>\n<p><em><strong>Aurenc Bebja<\/strong><\/em><\/p>\n<p>ISBN 978-9928-941-30-5<\/p>\n<p>\u00c7mimi 1000 Lek\u00eb<\/p>\n<p>Autor i dymb\u00ebdhjet\u00eb veprave monografike dhe studimore, tet\u00eb prej t\u00eb cilave i kushtohen figurave t\u00eb shquara t\u00eb historis\u00eb shqiptare \u2014 Ismail Qemali, Isa Boletini, Aleksand\u00ebr Moisiu, Mid\u2019hat Frash\u00ebri, Faik Konica, Ahmet Zogu dhe Geraldina Apponyi-Zogu \u2014 Aurenc Bebja \u00ebsht\u00eb themelues dhe drejtues i blogut \u201cDars (Klos) Mat \u2013 Albania\u201d q\u00eb prej vitit 2007.<\/p>\n","protected":false},"featured_media":2646,"template":"","meta":[],"product_brand":[],"product_cat":[21],"product_tag":[],"class_list":{"0":"post-2645","1":"product","2":"type-product","3":"status-publish","4":"has-post-thumbnail","6":"product_cat-studime-shkencore-dhe-monografi","7":"description-off","9":"first","10":"instock","11":"shipping-taxable","12":"product-type-simple"},"_links":{"self":[{"href":"https:\/\/kad.al\/index.php\/wp-json\/wp\/v2\/product\/2645","targetHints":{"allow":["GET"]}}],"collection":[{"href":"https:\/\/kad.al\/index.php\/wp-json\/wp\/v2\/product"}],"about":[{"href":"https:\/\/kad.al\/index.php\/wp-json\/wp\/v2\/types\/product"}],"wp:featuredmedia":[{"embeddable":true,"href":"https:\/\/kad.al\/index.php\/wp-json\/wp\/v2\/media\/2646"}],"wp:attachment":[{"href":"https:\/\/kad.al\/index.php\/wp-json\/wp\/v2\/media?parent=2645"}],"wp:term":[{"taxonomy":"product_brand","embeddable":true,"href":"https:\/\/kad.al\/index.php\/wp-json\/wp\/v2\/product_brand?post=2645"},{"taxonomy":"product_cat","embeddable":true,"href":"https:\/\/kad.al\/index.php\/wp-json\/wp\/v2\/product_cat?post=2645"},{"taxonomy":"product_tag","embeddable":true,"href":"https:\/\/kad.al\/index.php\/wp-json\/wp\/v2\/product_tag?post=2645"}],"curies":[{"name":"wp","href":"https:\/\/api.w.org\/{rel}","templated":true}]}}