{"id":2637,"date":"2026-01-22T14:34:05","date_gmt":"2026-01-22T14:34:05","guid":{"rendered":"https:\/\/kad.al\/?post_type=product&#038;p=2637"},"modified":"2026-01-22T14:40:10","modified_gmt":"2026-01-22T14:40:10","slug":"autore-te-huaja-per-shqiperine-dhe-shqiptaret","status":"publish","type":"product","link":"https:\/\/kad.al\/index.php\/product\/autore-te-huaja-per-shqiperine-dhe-shqiptaret\/","title":{"rendered":"AUTORE T\u00cb HUAJA P\u00cbR SHQIP\u00cbRIN\u00cb DHE SHQIPTAR\u00cbT"},"content":{"rendered":"","protected":false},"excerpt":{"rendered":"<p><strong>AUTORE T\u00cb HUAJA P\u00cbR SHQIP\u00cbRIN\u00cb DHE SHQIPTAR\u00cbT<\/strong><\/p>\n<p><em><strong>Aurenc Bebja<\/strong><\/em><\/p>\n<p>ISBN 978-9928-941-28-2<\/p>\n<p>\u00c7mimi 1200 Lek\u00eb<\/p>\n<p>Aurenc Bebja \u00ebsht\u00eb autor i gjasht\u00eb librave mbi 6 figura t\u00eb shquara shqiptare si Ismail Qemali, Aleksand\u00ebr Moisiu, Mid\u2019hat Frash\u00ebri, Faik Konica, Ahmet Zogu dhe Geraldina Apponyi-Zogu, themelues dhe drejtues i blogut \u201cDars (Klos) Mat \u2013 Albania\u201d q\u00eb prej 2007-s, ai ka sjell\u00eb p\u00ebr lexuesin shqiptar, kryesisht n\u00ebp\u00ebrmjet shtypit online, por edhe atij t\u00eb shkruar, me qindra shkrime t\u00eb botuara n\u00eb shtypin e huaj t\u00eb koh\u00ebs p\u00ebr Shqip\u00ebrin\u00eb dhe figura t\u00eb spikatura shqiptare.<\/p>\n","protected":false},"featured_media":2640,"template":"","meta":[],"product_brand":[],"product_cat":[21],"product_tag":[],"class_list":{"0":"post-2637","1":"product","2":"type-product","3":"status-publish","4":"has-post-thumbnail","6":"product_cat-studime-shkencore-dhe-monografi","7":"description-off","9":"first","10":"instock","11":"shipping-taxable","12":"product-type-simple"},"_links":{"self":[{"href":"https:\/\/kad.al\/index.php\/wp-json\/wp\/v2\/product\/2637","targetHints":{"allow":["GET"]}}],"collection":[{"href":"https:\/\/kad.al\/index.php\/wp-json\/wp\/v2\/product"}],"about":[{"href":"https:\/\/kad.al\/index.php\/wp-json\/wp\/v2\/types\/product"}],"wp:featuredmedia":[{"embeddable":true,"href":"https:\/\/kad.al\/index.php\/wp-json\/wp\/v2\/media\/2640"}],"wp:attachment":[{"href":"https:\/\/kad.al\/index.php\/wp-json\/wp\/v2\/media?parent=2637"}],"wp:term":[{"taxonomy":"product_brand","embeddable":true,"href":"https:\/\/kad.al\/index.php\/wp-json\/wp\/v2\/product_brand?post=2637"},{"taxonomy":"product_cat","embeddable":true,"href":"https:\/\/kad.al\/index.php\/wp-json\/wp\/v2\/product_cat?post=2637"},{"taxonomy":"product_tag","embeddable":true,"href":"https:\/\/kad.al\/index.php\/wp-json\/wp\/v2\/product_tag?post=2637"}],"curies":[{"name":"wp","href":"https:\/\/api.w.org\/{rel}","templated":true}]}}