{"id":2623,"date":"2026-01-14T07:48:56","date_gmt":"2026-01-14T07:48:56","guid":{"rendered":"https:\/\/kad.al\/?post_type=product&#038;p=2623"},"modified":"2026-01-14T07:53:05","modified_gmt":"2026-01-14T07:53:05","slug":"perqafo-veten","status":"publish","type":"product","link":"https:\/\/kad.al\/index.php\/product\/perqafo-veten\/","title":{"rendered":"P\u00cbRQAFO VETEN"},"content":{"rendered":"","protected":false},"excerpt":{"rendered":"<p>P\u00cbRQAFO VETEN<\/p>\n<p><em><strong>Evis Zaimi<\/strong><\/em><\/p>\n<p>ISBN 978-9928-940-67-4<\/p>\n<p>\u00c7mimi 1200 Lek\u00eb<\/p>\n<p>Romani i par\u00eb i autores Evis Zaimi. Ky lib\u00ebr \u00ebsht\u00eb nj\u00eb ftes\u00eb p\u00ebr reflektim, nj\u00eb thirrje p\u00ebr nd\u00ebrgjegj\u00ebsim, nj\u00eb d\u00ebshmi e shpres\u00ebs e cila lind edhe n\u00eb momente t\u00eb err\u00ebta.<\/p>\n","protected":false},"featured_media":2624,"template":"","meta":[],"product_brand":[],"product_cat":[23],"product_tag":[],"class_list":{"0":"post-2623","1":"product","2":"type-product","3":"status-publish","4":"has-post-thumbnail","6":"product_cat-romane-tregime-novela","7":"description-off","9":"first","10":"instock","11":"shipping-taxable","12":"product-type-simple"},"_links":{"self":[{"href":"https:\/\/kad.al\/index.php\/wp-json\/wp\/v2\/product\/2623","targetHints":{"allow":["GET"]}}],"collection":[{"href":"https:\/\/kad.al\/index.php\/wp-json\/wp\/v2\/product"}],"about":[{"href":"https:\/\/kad.al\/index.php\/wp-json\/wp\/v2\/types\/product"}],"wp:featuredmedia":[{"embeddable":true,"href":"https:\/\/kad.al\/index.php\/wp-json\/wp\/v2\/media\/2624"}],"wp:attachment":[{"href":"https:\/\/kad.al\/index.php\/wp-json\/wp\/v2\/media?parent=2623"}],"wp:term":[{"taxonomy":"product_brand","embeddable":true,"href":"https:\/\/kad.al\/index.php\/wp-json\/wp\/v2\/product_brand?post=2623"},{"taxonomy":"product_cat","embeddable":true,"href":"https:\/\/kad.al\/index.php\/wp-json\/wp\/v2\/product_cat?post=2623"},{"taxonomy":"product_tag","embeddable":true,"href":"https:\/\/kad.al\/index.php\/wp-json\/wp\/v2\/product_tag?post=2623"}],"curies":[{"name":"wp","href":"https:\/\/api.w.org\/{rel}","templated":true}]}}