{"id":2619,"date":"2026-01-14T07:41:27","date_gmt":"2026-01-14T07:41:27","guid":{"rendered":"https:\/\/kad.al\/?post_type=product&#038;p=2619"},"modified":"2026-01-14T07:44:58","modified_gmt":"2026-01-14T07:44:58","slug":"bollek-i-shtirur-fasade-e-nevojshme","status":"publish","type":"product","link":"https:\/\/kad.al\/index.php\/product\/bollek-i-shtirur-fasade-e-nevojshme\/","title":{"rendered":"BOLL\u00cbK I SHTIRUR, FASAD\u00cb E NEVOJSHME"},"content":{"rendered":"","protected":false},"excerpt":{"rendered":"<p>BOLL\u00cbK I SHTIRUR, FASAD\u00cb E NEVOJSHME<\/p>\n<p><em><strong>Evis Zaimi<\/strong><\/em><\/p>\n<p>ISBN 978-9928-941-66-4<\/p>\n<p>\u00c7mimi 1000 Lek\u00eb<\/p>\n<p>Libri-Ditar \u00ebsht\u00eb nd\u00ebrtuar si nj\u00eb udh\u00ebtim reflektues p\u00ebrgjat\u00eb vitit, ku n\u00eb pjes\u00ebn e par\u00eb autorja ndalet te secili muaj, duke i p\u00ebrshkruar ato p\u00ebrmes ndjesive, p\u00ebrjetimeve dhe k\u00ebndv\u00ebshtrimit t\u00eb saj personal, si momente kohe t\u00eb mbushura me emocione, kujtime dhe kuptime simbolike. N\u00eb pjes\u00ebn e dyt\u00eb, libri i hap rrug\u00eb lexuesit p\u00ebr t\u2019u b\u00ebr\u00eb bashk\u00ebautor i p\u00ebrvoj\u00ebs, duke ofruar flet\u00eb t\u00eb ve\u00e7anta p\u00ebr \u00e7do muaj, ku secili mund t\u00eb sh\u00ebnoj\u00eb mendimet, ndienjat dhe q\u00ebndrimin e vet, duke e kthyer librin n\u00eb nj\u00eb ditar intim dhe dialog mes z\u00ebrit t\u00eb autores dhe atij t\u00eb lexuesit.<\/p>\n","protected":false},"featured_media":2620,"template":"","meta":[],"product_brand":[],"product_cat":[26],"product_tag":[],"class_list":{"0":"post-2619","1":"product","2":"type-product","3":"status-publish","4":"has-post-thumbnail","6":"product_cat-fjalore-albume","7":"description-off","9":"first","10":"instock","11":"shipping-taxable","12":"product-type-simple"},"_links":{"self":[{"href":"https:\/\/kad.al\/index.php\/wp-json\/wp\/v2\/product\/2619","targetHints":{"allow":["GET"]}}],"collection":[{"href":"https:\/\/kad.al\/index.php\/wp-json\/wp\/v2\/product"}],"about":[{"href":"https:\/\/kad.al\/index.php\/wp-json\/wp\/v2\/types\/product"}],"wp:featuredmedia":[{"embeddable":true,"href":"https:\/\/kad.al\/index.php\/wp-json\/wp\/v2\/media\/2620"}],"wp:attachment":[{"href":"https:\/\/kad.al\/index.php\/wp-json\/wp\/v2\/media?parent=2619"}],"wp:term":[{"taxonomy":"product_brand","embeddable":true,"href":"https:\/\/kad.al\/index.php\/wp-json\/wp\/v2\/product_brand?post=2619"},{"taxonomy":"product_cat","embeddable":true,"href":"https:\/\/kad.al\/index.php\/wp-json\/wp\/v2\/product_cat?post=2619"},{"taxonomy":"product_tag","embeddable":true,"href":"https:\/\/kad.al\/index.php\/wp-json\/wp\/v2\/product_tag?post=2619"}],"curies":[{"name":"wp","href":"https:\/\/api.w.org\/{rel}","templated":true}]}}