{"id":2610,"date":"2025-12-20T13:10:58","date_gmt":"2025-12-20T13:10:58","guid":{"rendered":"https:\/\/kad.al\/?post_type=product&#038;p=2610"},"modified":"2025-12-20T13:17:20","modified_gmt":"2025-12-20T13:17:20","slug":"rrefimet-e-nje-qyteti","status":"publish","type":"product","link":"https:\/\/kad.al\/index.php\/product\/rrefimet-e-nje-qyteti\/","title":{"rendered":"RR\u00cbFIMET E NJ\u00cb QYTETI"},"content":{"rendered":"","protected":false},"excerpt":{"rendered":"<p><strong>RR\u00cbFIMET E NJ\u00cb QYTETI <\/strong><\/p>\n<p><em><strong>G\u00ebzim Kabashi<\/strong><\/em><\/p>\n<p>ISBN 978-9928-941-38-1<\/p>\n<p>\u00c7mimi 1200 Lek\u00eb<\/p>\n<p>Botimi i dyt\u00eb me artikujt e publikuar nd\u00ebr vite nga gazetari G\u00ebzim Kabashi p\u00ebr disa nga personalitetet e Durr\u00ebsit t\u00eb profesioneve t\u00eb ndryshme.<\/p>\n","protected":false},"featured_media":2611,"template":"","meta":[],"product_brand":[],"product_cat":[26],"product_tag":[],"class_list":{"0":"post-2610","1":"product","2":"type-product","3":"status-publish","4":"has-post-thumbnail","6":"product_cat-fjalore-albume","7":"description-off","9":"first","10":"instock","11":"shipping-taxable","12":"product-type-simple"},"_links":{"self":[{"href":"https:\/\/kad.al\/index.php\/wp-json\/wp\/v2\/product\/2610","targetHints":{"allow":["GET"]}}],"collection":[{"href":"https:\/\/kad.al\/index.php\/wp-json\/wp\/v2\/product"}],"about":[{"href":"https:\/\/kad.al\/index.php\/wp-json\/wp\/v2\/types\/product"}],"wp:featuredmedia":[{"embeddable":true,"href":"https:\/\/kad.al\/index.php\/wp-json\/wp\/v2\/media\/2611"}],"wp:attachment":[{"href":"https:\/\/kad.al\/index.php\/wp-json\/wp\/v2\/media?parent=2610"}],"wp:term":[{"taxonomy":"product_brand","embeddable":true,"href":"https:\/\/kad.al\/index.php\/wp-json\/wp\/v2\/product_brand?post=2610"},{"taxonomy":"product_cat","embeddable":true,"href":"https:\/\/kad.al\/index.php\/wp-json\/wp\/v2\/product_cat?post=2610"},{"taxonomy":"product_tag","embeddable":true,"href":"https:\/\/kad.al\/index.php\/wp-json\/wp\/v2\/product_tag?post=2610"}],"curies":[{"name":"wp","href":"https:\/\/api.w.org\/{rel}","templated":true}]}}