{"id":2599,"date":"2025-12-02T10:45:15","date_gmt":"2025-12-02T10:45:15","guid":{"rendered":"https:\/\/kad.al\/?post_type=product&#038;p=2599"},"modified":"2025-12-02T11:44:00","modified_gmt":"2025-12-02T11:44:00","slug":"aventurat-e-perendimit-te-larget","status":"publish","type":"product","link":"https:\/\/kad.al\/index.php\/product\/aventurat-e-perendimit-te-larget\/","title":{"rendered":"AVENTURAT E PER\u00cbNDIMIT T\u00cb LARG\u00cbT"},"content":{"rendered":"","protected":false},"excerpt":{"rendered":"<p><strong>AVENTURAT E PER\u00cbNDIMIT T\u00cb LARG\u00cbT<\/strong><\/p>\n<p><em><strong>F. Austin<\/strong><\/em><\/p>\n<p>ISBN 9789928941268<\/p>\n<p>\u00c7mimi 1200 Lek\u00eb<\/p>\n<p>166 faqe<\/p>\n<p style=\"text-align: left;\">Libri tregon histori nga per\u00ebndimi i larg\u00ebt i Amerik\u00ebs. Ai shoq\u00ebrohet me ilustrime.<\/p>\n","protected":false},"featured_media":2598,"template":"","meta":[],"product_brand":[],"product_cat":[25],"product_tag":[],"class_list":{"0":"post-2599","1":"product","2":"type-product","3":"status-publish","4":"has-post-thumbnail","6":"product_cat-letersi-per-femije-dhe-te-rinj","7":"description-off","9":"first","10":"instock","11":"shipping-taxable","12":"product-type-simple"},"_links":{"self":[{"href":"https:\/\/kad.al\/index.php\/wp-json\/wp\/v2\/product\/2599","targetHints":{"allow":["GET"]}}],"collection":[{"href":"https:\/\/kad.al\/index.php\/wp-json\/wp\/v2\/product"}],"about":[{"href":"https:\/\/kad.al\/index.php\/wp-json\/wp\/v2\/types\/product"}],"wp:featuredmedia":[{"embeddable":true,"href":"https:\/\/kad.al\/index.php\/wp-json\/wp\/v2\/media\/2598"}],"wp:attachment":[{"href":"https:\/\/kad.al\/index.php\/wp-json\/wp\/v2\/media?parent=2599"}],"wp:term":[{"taxonomy":"product_brand","embeddable":true,"href":"https:\/\/kad.al\/index.php\/wp-json\/wp\/v2\/product_brand?post=2599"},{"taxonomy":"product_cat","embeddable":true,"href":"https:\/\/kad.al\/index.php\/wp-json\/wp\/v2\/product_cat?post=2599"},{"taxonomy":"product_tag","embeddable":true,"href":"https:\/\/kad.al\/index.php\/wp-json\/wp\/v2\/product_tag?post=2599"}],"curies":[{"name":"wp","href":"https:\/\/api.w.org\/{rel}","templated":true}]}}