{"id":2590,"date":"2025-12-01T14:30:39","date_gmt":"2025-12-01T14:30:39","guid":{"rendered":"https:\/\/kad.al\/?post_type=product&#038;p=2590"},"modified":"2025-12-01T14:53:08","modified_gmt":"2025-12-01T14:53:08","slug":"ku-u-tret-fjala","status":"publish","type":"product","link":"https:\/\/kad.al\/index.php\/product\/ku-u-tret-fjala\/","title":{"rendered":"KU U TRET FJALA?"},"content":{"rendered":"","protected":false},"excerpt":{"rendered":"<p><strong>KU U TRET FJALA? <\/strong><\/p>\n<p><em>Bardhyl Agasi<\/em><\/p>\n<p>ISBN 9789928941398<\/p>\n<p>\u00c7mimi 800 Lek\u00eb<\/p>\n<p>192 Faqe<\/p>\n<p>P\u00ebrmbledhja poetike e Bardhyl Agasit p\u00ebrmban poezi t\u00eb shkruara n\u00eb vite t\u00eb cilat pasqyrojne dhe nj\u00eb pjes\u00eb t\u00eb jet\u00ebs s\u00eb tij.<\/p>\n","protected":false},"featured_media":2591,"template":"","meta":[],"product_brand":[],"product_cat":[24],"product_tag":[],"class_list":{"0":"post-2590","1":"product","2":"type-product","3":"status-publish","4":"has-post-thumbnail","6":"product_cat-poezi","7":"description-off","9":"first","10":"instock","11":"shipping-taxable","12":"product-type-simple"},"_links":{"self":[{"href":"https:\/\/kad.al\/index.php\/wp-json\/wp\/v2\/product\/2590","targetHints":{"allow":["GET"]}}],"collection":[{"href":"https:\/\/kad.al\/index.php\/wp-json\/wp\/v2\/product"}],"about":[{"href":"https:\/\/kad.al\/index.php\/wp-json\/wp\/v2\/types\/product"}],"wp:featuredmedia":[{"embeddable":true,"href":"https:\/\/kad.al\/index.php\/wp-json\/wp\/v2\/media\/2591"}],"wp:attachment":[{"href":"https:\/\/kad.al\/index.php\/wp-json\/wp\/v2\/media?parent=2590"}],"wp:term":[{"taxonomy":"product_brand","embeddable":true,"href":"https:\/\/kad.al\/index.php\/wp-json\/wp\/v2\/product_brand?post=2590"},{"taxonomy":"product_cat","embeddable":true,"href":"https:\/\/kad.al\/index.php\/wp-json\/wp\/v2\/product_cat?post=2590"},{"taxonomy":"product_tag","embeddable":true,"href":"https:\/\/kad.al\/index.php\/wp-json\/wp\/v2\/product_tag?post=2590"}],"curies":[{"name":"wp","href":"https:\/\/api.w.org\/{rel}","templated":true}]}}